{"id":6,"date":"2019-10-24T17:56:40","date_gmt":"2019-10-24T15:56:40","guid":{"rendered":"http:\/\/sylas.com\/?page_id=6"},"modified":"2019-10-24T18:05:57","modified_gmt":"2019-10-24T16:05:57","slug":"plan-du-site","status":"publish","type":"page","link":"https:\/\/sylas.com\/fr\/plan-du-site\/","title":{"rendered":"Plan du site"},"content":{"rendered":"<div class=\"wsp-container\"><h2 class=\"wsp-pages-title\">Pages<\/h2>\n<ul class=\"wsp-pages-list\">\n<li class=\"page_item page-item-2562\"><a href=\"https:\/\/sylas.com\/fr\/\">Accueil<\/a><\/li>\n<li class=\"page_item page-item-6\"><a href=\"https:\/\/sylas.com\/fr\/plan-du-site\/\">Plan du site<\/a><\/li>\n<li class=\"page_item page-item-3442\"><a href=\"https:\/\/sylas.com\/fr\/politique-de-cookies-ue\/\">Politique de cookies (UE)<\/a><\/li>\n<li class=\"page_item page-item-2678 page_item_has_children\"><a href=\"https:\/\/sylas.com\/fr\/savoir-faire\/\">Savoir-Faire<\/a>\n<ul class='children'>\n\t<li class=\"page_item page-item-2680\"><a href=\"https:\/\/sylas.com\/fr\/savoir-faire\/polissage-laser-3d-selectif\/\">Polissage laser 3D s\u00e9lectif<\/a><\/li>\n\t<li class=\"page_item page-item-2682\"><a href=\"https:\/\/sylas.com\/fr\/savoir-faire\/polissage-laser-3d-pour-la-fabrication-additive-metallique\/\">Polissage laser 3D pour la fabrication additive m\u00e9tallique<\/a><\/li>\n\t<li class=\"page_item page-item-2684\"><a href=\"https:\/\/sylas.com\/fr\/savoir-faire\/trempe-selective-par-laser\/\">Trempe s\u00e9lective par laser<\/a><\/li>\n<\/ul>\n<\/li>\n<li class=\"page_item page-item-2686 page_item_has_children\"><a href=\"https:\/\/sylas.com\/fr\/prestations-et-produits\/\">Prestations et produits<\/a>\n<ul class='children'>\n\t<li class=\"page_item page-item-2688\"><a href=\"https:\/\/sylas.com\/fr\/prestations-et-produits\/consulting-et-essais-traitement-de-surface-3d-par-laser\/\">Consulting et essais : traitement de surface 3D par laser<\/a><\/li>\n\t<li class=\"page_item page-item-2690\"><a href=\"https:\/\/sylas.com\/fr\/prestations-et-produits\/job-shop-polissage-de-lots-de-composants-clients-sur-base-d-offre-forfaitaire\/\">Job shop : polissage de lots de composants clients sur base d\u2019offre forfaitaire<\/a><\/li>\n\t<li class=\"page_item page-item-2692\"><a href=\"https:\/\/sylas.com\/fr\/prestations-et-produits\/machine-de-polissage-3d-sylas-poli1000-semi-ou-totalement-automatisee\/\">Machine de polissage 3D SYLAS SLEEK 1000 : semi ou totalement automatis\u00e9e<\/a><\/li>\n\t<li class=\"page_item page-item-2694\"><a href=\"https:\/\/sylas.com\/fr\/prestations-et-produits\/plateforme-generique-3d-sylas-uni1000-support-de-processus-clients\/\">Plateforme g\u00e9n\u00e9rique 3D SYLAS SPARK : support de processus clients<\/a><\/li>\n<\/ul>\n<\/li>\n<li class=\"page_item page-item-2962\"><a href=\"https:\/\/sylas.com\/fr\/contact\/\">Contact<\/a><\/li>\n<li class=\"page_item page-item-2997\"><a href=\"https:\/\/sylas.com\/fr\/mentions-legales-et-politique-de-confidentialite\/\">Mentions l\u00e9gales et Politique de confidentialit\u00e9<\/a><\/li>\n<\/ul>\n<\/div>\n<div class=\"wsp-container\"><\/div>\n","protected":false},"excerpt":{"rendered":"Pages Accueil Plan du site Politique de cookies (UE) Savoir-Faire Polissage laser 3D s\u00e9lectif Polissage laser 3D pour la fabrication additive m\u00e9tallique Trempe s\u00e9lective par laser Prestations et produits Consulting et essais : traitement de surface 3D par laser Job shop : polissage de lots de composants clients sur base d\u2019offre forfaitaire Machine de polissage 3D SYLAS SLEEK 1000 :...","protected":false},"author":1,"featured_media":0,"parent":0,"menu_order":0,"comment_status":"closed","ping_status":"closed","template":"","meta":{"footnotes":""},"class_list":["post-6","page","type-page","status-publish","hentry"],"yoast_head":"<!-- This site is optimized with the Yoast SEO plugin v25.1 - https:\/\/yoast.com\/wordpress\/plugins\/seo\/ -->\n<title>Plan du site - SYLAS\u00ae<\/title>\n<meta name=\"robots\" content=\"index, follow, max-snippet:-1, max-image-preview:large, max-video-preview:-1\" \/>\n<link rel=\"canonical\" href=\"https:\/\/sylas.com\/fr\/plan-du-site\/\" \/>\n<meta property=\"og:locale\" content=\"fr_FR\" \/>\n<meta property=\"og:type\" content=\"article\" \/>\n<meta property=\"og:title\" content=\"Plan du site - SYLAS\u00ae\" \/>\n<meta property=\"og:url\" content=\"https:\/\/sylas.com\/fr\/plan-du-site\/\" \/>\n<meta property=\"og:site_name\" content=\"SYLAS\u00ae\" \/>\n<meta property=\"article:modified_time\" content=\"2019-10-24T16:05:57+00:00\" \/>\n<meta name=\"twitter:card\" content=\"summary_large_image\" \/>\n<script type=\"application\/ld+json\" class=\"yoast-schema-graph\">{\"@context\":\"https:\/\/schema.org\",\"@graph\":[{\"@type\":\"WebPage\",\"@id\":\"https:\/\/sylas.com\/fr\/plan-du-site\/\",\"url\":\"https:\/\/sylas.com\/fr\/plan-du-site\/\",\"name\":\"Plan du site - SYLAS\u00ae\",\"isPartOf\":{\"@id\":\"https:\/\/sylas.com\/fr\/#website\"},\"datePublished\":\"2019-10-24T15:56:40+00:00\",\"dateModified\":\"2019-10-24T16:05:57+00:00\",\"inLanguage\":\"fr-FR\",\"potentialAction\":[{\"@type\":\"ReadAction\",\"target\":[\"https:\/\/sylas.com\/fr\/plan-du-site\/\"]}]},{\"@type\":\"WebSite\",\"@id\":\"https:\/\/sylas.com\/fr\/#website\",\"url\":\"https:\/\/sylas.com\/fr\/\",\"name\":\"SYLAS\u00ae\",\"description\":\"\",\"publisher\":{\"@id\":\"https:\/\/sylas.com\/fr\/#organization\"},\"potentialAction\":[{\"@type\":\"SearchAction\",\"target\":{\"@type\":\"EntryPoint\",\"urlTemplate\":\"https:\/\/sylas.com\/fr\/?s={search_term_string}\"},\"query-input\":{\"@type\":\"PropertyValueSpecification\",\"valueRequired\":true,\"valueName\":\"search_term_string\"}}],\"inLanguage\":\"fr-FR\"},{\"@type\":\"Organization\",\"@id\":\"https:\/\/sylas.com\/fr\/#organization\",\"name\":\"SYLAS SA\",\"url\":\"https:\/\/sylas.com\/fr\/\",\"logo\":{\"@type\":\"ImageObject\",\"inLanguage\":\"fr-FR\",\"@id\":\"https:\/\/sylas.com\/fr\/#\/schema\/logo\/image\/\",\"url\":\"https:\/\/sylas.com\/wp-content\/uploads\/2020\/01\/Logo-Sylas-Laser-Systems@2x.png\",\"contentUrl\":\"https:\/\/sylas.com\/wp-content\/uploads\/2020\/01\/Logo-Sylas-Laser-Systems@2x.png\",\"width\":310,\"height\":160,\"caption\":\"SYLAS SA\"},\"image\":{\"@id\":\"https:\/\/sylas.com\/fr\/#\/schema\/logo\/image\/\"}}]}<\/script>\n<!-- \/ Yoast SEO plugin. -->","yoast_head_json":{"title":"Plan du site - SYLAS\u00ae","robots":{"index":"index","follow":"follow","max-snippet":"max-snippet:-1","max-image-preview":"max-image-preview:large","max-video-preview":"max-video-preview:-1"},"canonical":"https:\/\/sylas.com\/fr\/plan-du-site\/","og_locale":"fr_FR","og_type":"article","og_title":"Plan du site - SYLAS\u00ae","og_url":"https:\/\/sylas.com\/fr\/plan-du-site\/","og_site_name":"SYLAS\u00ae","article_modified_time":"2019-10-24T16:05:57+00:00","twitter_card":"summary_large_image","schema":{"@context":"https:\/\/schema.org","@graph":[{"@type":"WebPage","@id":"https:\/\/sylas.com\/fr\/plan-du-site\/","url":"https:\/\/sylas.com\/fr\/plan-du-site\/","name":"Plan du site - SYLAS\u00ae","isPartOf":{"@id":"https:\/\/sylas.com\/fr\/#website"},"datePublished":"2019-10-24T15:56:40+00:00","dateModified":"2019-10-24T16:05:57+00:00","inLanguage":"fr-FR","potentialAction":[{"@type":"ReadAction","target":["https:\/\/sylas.com\/fr\/plan-du-site\/"]}]},{"@type":"WebSite","@id":"https:\/\/sylas.com\/fr\/#website","url":"https:\/\/sylas.com\/fr\/","name":"SYLAS\u00ae","description":"","publisher":{"@id":"https:\/\/sylas.com\/fr\/#organization"},"potentialAction":[{"@type":"SearchAction","target":{"@type":"EntryPoint","urlTemplate":"https:\/\/sylas.com\/fr\/?s={search_term_string}"},"query-input":{"@type":"PropertyValueSpecification","valueRequired":true,"valueName":"search_term_string"}}],"inLanguage":"fr-FR"},{"@type":"Organization","@id":"https:\/\/sylas.com\/fr\/#organization","name":"SYLAS SA","url":"https:\/\/sylas.com\/fr\/","logo":{"@type":"ImageObject","inLanguage":"fr-FR","@id":"https:\/\/sylas.com\/fr\/#\/schema\/logo\/image\/","url":"https:\/\/sylas.com\/wp-content\/uploads\/2020\/01\/Logo-Sylas-Laser-Systems@2x.png","contentUrl":"https:\/\/sylas.com\/wp-content\/uploads\/2020\/01\/Logo-Sylas-Laser-Systems@2x.png","width":310,"height":160,"caption":"SYLAS SA"},"image":{"@id":"https:\/\/sylas.com\/fr\/#\/schema\/logo\/image\/"}}]}},"_links":{"self":[{"href":"https:\/\/sylas.com\/fr\/wp-json\/wp\/v2\/pages\/6","targetHints":{"allow":["GET"]}}],"collection":[{"href":"https:\/\/sylas.com\/fr\/wp-json\/wp\/v2\/pages"}],"about":[{"href":"https:\/\/sylas.com\/fr\/wp-json\/wp\/v2\/types\/page"}],"author":[{"embeddable":true,"href":"https:\/\/sylas.com\/fr\/wp-json\/wp\/v2\/users\/1"}],"replies":[{"embeddable":true,"href":"https:\/\/sylas.com\/fr\/wp-json\/wp\/v2\/comments?post=6"}],"version-history":[{"count":4,"href":"https:\/\/sylas.com\/fr\/wp-json\/wp\/v2\/pages\/6\/revisions"}],"predecessor-version":[{"id":10,"href":"https:\/\/sylas.com\/fr\/wp-json\/wp\/v2\/pages\/6\/revisions\/10"}],"wp:attachment":[{"href":"https:\/\/sylas.com\/fr\/wp-json\/wp\/v2\/media?parent=6"}],"curies":[{"name":"wp","href":"https:\/\/api.w.org\/{rel}","templated":true}]}}