{"id":2694,"date":"2020-01-27T17:51:43","date_gmt":"2020-01-27T16:51:43","guid":{"rendered":"http:\/\/sylas.com\/?page_id=2694"},"modified":"2020-04-21T16:56:27","modified_gmt":"2020-04-21T14:56:27","slug":"plateforme-generique-3d-sylas-uni1000-support-de-processus-clients","status":"publish","type":"page","link":"https:\/\/sylas.com\/fr\/prestations-et-produits\/plateforme-generique-3d-sylas-uni1000-support-de-processus-clients\/","title":{"rendered":"Plateforme g\u00e9n\u00e9rique 3D SYLAS SPARK : support de processus clients"},"content":{"rendered":"<p>[vc_row center_row=\u00a0\u00bbyes\u00a0\u00bb css=\u00a0\u00bb.vc_custom_1582885396006{padding-top: 170px !important;padding-bottom: 60px !important;}\u00a0\u00bb el_id=\u00a0\u00bbsection-how-it-works\u00a0\u00bb][vc_column]<div class=\"zozo-parallax-header cdev_center\"><div class=\"parallax-header content-style-default\"><h2 class=\"parallax-title text-center\">Plateforme g\u00e9n\u00e9rique <span class=\"title-suffix\">3D SYLAS SPARK<\/span><\/h2><div class=\"parallax-desc default-style text-center\"><p><strong>SYLAS<\/strong> a d\u00e9velopp\u00e9 une <strong>plateforme 5D ouverte adapt\u00e9e \u00e0 l\u2019automatisation de divers processus tridimensionnels<\/strong> (d\u00e9pose de joints, trempe, marquage fin, texturation&#8230;). Elle constitue \u00e9galement la base de la <strong>machine de polissage 3D SYLAS SLEEK 1000.<\/strong><\/p>\n<\/div><\/div><\/div>[vc_row_inner gap=\u00a0\u00bb35&Prime;][vc_column_inner width=\u00a0\u00bb7\/12&Prime; css=\u00a0\u00bb.vc_custom_1586162683080{margin-bottom: 100px !important;}\u00a0\u00bb][vc_single_image image=\u00a0\u00bb3292&Prime; img_size=\u00a0\u00bbfull\u00a0\u00bb alignment=\u00a0\u00bbcenter\u00a0\u00bb css_animation=\u00a0\u00bbbottom-to-top\u00a0\u00bb css=\u00a0\u00bb.vc_custom_1586162772882{margin-top: -35px !important;padding-right: 75px !important;}\u00a0\u00bb][\/vc_column_inner][vc_column_inner el_class=\u00a0\u00bblist-item-line-height\u00a0\u00bb width=\u00a0\u00bb5\/12&Prime; css_animation=\u00a0\u00bbbottom-to-top\u00a0\u00bb css=\u00a0\u00bb.vc_custom_1586162654165{padding-top: 100px !important;padding-bottom: 18px !important;}\u00a0\u00bb]<div class=\"zozo-parallax-header cdev_left wpb_animate_when_almost_visible wpb_bottom-to-top\"><div class=\"parallax-header content-style-default\"><h3 class=\"parallax-title text-left\">Base m\u00e9canique<\/h3><div class=\"parallax-desc default-style text-left\"><p>Permet de traiter des produits de moyennes dimensions (200 \u00d7\u00a0 200 \u00d7 200 mm).<\/p>\n<ul>\n<li>Poids maximal des produits trait\u00e9s : 14 Kg<\/li>\n<li>Processus de prise de r\u00e9f\u00e9rences totalement automatis\u00e9<\/li>\n<li>Magasins d\u2019outils<\/li>\n<\/ul>\n<\/div><\/div><\/div>[\/vc_column_inner][\/vc_row_inner][vc_row_inner][vc_column_inner width=\u00a0\u00bb7\/12&Prime;][vc_single_image image=\u00a0\u00bb3297&Prime; img_size=\u00a0\u00bbfull\u00a0\u00bb css_animation=\u00a0\u00bbbottom-to-top\u00a0\u00bb][vc_single_image image=\u00a0\u00bb3295&Prime; img_size=\u00a0\u00bbfull\u00a0\u00bb css_animation=\u00a0\u00bbbottom-to-top\u00a0\u00bb][\/vc_column_inner][vc_column_inner el_class=\u00a0\u00bblist-item-line-height\u00a0\u00bb width=\u00a0\u00bb5\/12&Prime; css_animation=\u00a0\u00bbbottom-to-top\u00a0\u00bb css=\u00a0\u00bb.vc_custom_1586163354849{margin-top: 90px !important;padding-bottom: 18px !important;}\u00a0\u00bb]<div class=\"zozo-parallax-header cdev_left wpb_animate_when_almost_visible wpb_bottom-to-top\"><div class=\"parallax-header content-style-default\"><h3 class=\"parallax-title text-left\">Base logicielle<\/h3><div class=\"parallax-desc default-style text-left\"><p style=\"text-align: left;\">Le logiciel de base de la plateforme permet de <strong>suivre les courbes \u00e0 traiter avec une pr\u00e9cision tr\u00e8s \u00e9lev\u00e9e<\/strong> et avec des performances dynamiques programmables en fonction du processus et de l\u2019application. La combinaison vitesse \u2013 pr\u00e9cision est une des caract\u00e9ristiques uniques de la <strong>plateforme 3D SYLAS SPARK<\/strong>.<\/p>\n<ul>\n<li style=\"text-align: left;\">La plateforme est dot\u00e9e d\u2019une commande num\u00e9rique 5 axes continus de derni\u00e8re g\u00e9n\u00e9ration. Un programmateur CNC retrouvera sur une plateforme\u00a0<strong>SYLAS<\/strong>\u00a0un environnement familier aux meilleures CNC du march\u00e9.<\/li>\n<li style=\"text-align: left;\">Les trajectoires sont cr\u00e9\u00e9es et simul\u00e9es depuis Le logiciel FAO TopSolid\u2019Cam 7. Un plugin int\u00e9grant la machine a \u00e9t\u00e9 sp\u00e9cialement d\u00e9velopp\u00e9 afin de g\u00e9n\u00e9rer les trajectoires en quelques clics, directement sur le mod\u00e8le 3D des pi\u00e8ces.<\/li>\n<\/ul>\n<\/div><\/div><\/div>[\/vc_column_inner][\/vc_row_inner][\/vc_column][\/vc_row]<\/p>\n","protected":false},"excerpt":{"rendered":"<p>[vc_row center_row=\u00a0\u00bbyes\u00a0\u00bb css=\u00a0\u00bb.vc_custom_1582885396006{padding-top: 170px !important;padding-bottom: 60px !important;}\u00a0\u00bb el_id=\u00a0\u00bbsection-how-it-works\u00a0\u00bb][vc_column][vc_row_inner gap=\u00a0\u00bb35&Prime;][vc_column_inner width=\u00a0\u00bb7\/12&Prime; css=\u00a0\u00bb.vc_custom_1586162683080{margin-bottom: 100px !important;}\u00a0\u00bb][vc_single_image image=\u00a0\u00bb3292&Prime; img_size=\u00a0\u00bbfull\u00a0\u00bb alignment=\u00a0\u00bbcenter\u00a0\u00bb css_animation=\u00a0\u00bbbottom-to-top\u00a0\u00bb css=\u00a0\u00bb.vc_custom_1586162772882{margin-top: -35px !important;padding-right: 75px !important;}\u00a0\u00bb][\/vc_column_inner][vc_column_inner el_class=\u00a0\u00bblist-item-line-height\u00a0\u00bb width=\u00a0\u00bb5\/12&Prime; css_animation=\u00a0\u00bbbottom-to-top\u00a0\u00bb css=\u00a0\u00bb.vc_custom_1586162654165{padding-top: 100px !important;padding-bottom: 18px !important;}\u00a0\u00bb][\/vc_column_inner][\/vc_row_inner][vc_row_inner][vc_column_inner width=\u00a0\u00bb7\/12&Prime;][vc_single_image image=\u00a0\u00bb3297&Prime; img_size=\u00a0\u00bbfull\u00a0\u00bb css_animation=\u00a0\u00bbbottom-to-top\u00a0\u00bb][vc_single_image image=\u00a0\u00bb3295&Prime; img_size=\u00a0\u00bbfull\u00a0\u00bb css_animation=\u00a0\u00bbbottom-to-top\u00a0\u00bb][\/vc_column_inner][vc_column_inner el_class=\u00a0\u00bblist-item-line-height\u00a0\u00bb width=\u00a0\u00bb5\/12&Prime; css_animation=\u00a0\u00bbbottom-to-top\u00a0\u00bb css=\u00a0\u00bb.vc_custom_1586163354849{margin-top: 90px !important;padding-bottom: 18px !important;}\u00a0\u00bb][\/vc_column_inner][\/vc_row_inner][\/vc_column][\/vc_row]<\/p>\n","protected":false},"author":1,"featured_media":0,"parent":2686,"menu_order":0,"comment_status":"closed","ping_status":"closed","template":"","meta":{"footnotes":""},"class_list":["post-2694","page","type-page","status-publish","hentry"],"yoast_head":"<!-- This site is optimized with the Yoast SEO plugin v25.1 - https:\/\/yoast.com\/wordpress\/plugins\/seo\/ -->\n<title>Plateforme g\u00e9n\u00e9rique 3D SYLAS SPARK : support de processus clients - SYLAS\u00ae<\/title>\n<meta name=\"robots\" content=\"index, follow, max-snippet:-1, max-image-preview:large, max-video-preview:-1\" \/>\n<link rel=\"canonical\" href=\"https:\/\/sylas.com\/fr\/prestations-et-produits\/plateforme-generique-3d-sylas-uni1000-support-de-processus-clients\/\" \/>\n<meta property=\"og:locale\" content=\"fr_FR\" \/>\n<meta property=\"og:type\" content=\"article\" \/>\n<meta property=\"og:title\" content=\"Plateforme g\u00e9n\u00e9rique 3D SYLAS SPARK : support de processus clients - SYLAS\u00ae\" \/>\n<meta property=\"og:description\" content=\"[vc_row center_row=\u00a0\u00bbyes\u00a0\u00bb css=\u00a0\u00bb.vc_custom_1582885396006{padding-top: 170px !important;padding-bottom: 60px !important;}\u00a0\u00bb el_id=\u00a0\u00bbsection-how-it-works\u00a0\u00bb][vc_column][vc_row_inner gap=\u00a0\u00bb35&Prime;][vc_column_inner width=\u00a0\u00bb7\/12&Prime; css=\u00a0\u00bb.vc_custom_1586162683080{margin-bottom: 100px !important;}\u00a0\u00bb][vc_single_image image=\u00a0\u00bb3292&Prime; img_size=\u00a0\u00bbfull\u00a0\u00bb alignment=\u00a0\u00bbcenter\u00a0\u00bb css_animation=\u00a0\u00bbbottom-to-top\u00a0\u00bb css=\u00a0\u00bb.vc_custom_1586162772882{margin-top: -35px !important;padding-right: 75px !important;}\u00a0\u00bb][\/vc_column_inner][vc_column_inner el_class=\u00a0\u00bblist-item-line-height\u00a0\u00bb width=\u00a0\u00bb5\/12&Prime; css_animation=\u00a0\u00bbbottom-to-top\u00a0\u00bb css=\u00a0\u00bb.vc_custom_1586162654165{padding-top: 100px !important;padding-bottom: 18px !important;}\u00a0\u00bb][\/vc_column_inner][\/vc_row_inner][vc_row_inner][vc_column_inner width=\u00a0\u00bb7\/12&Prime;][vc_single_image image=\u00a0\u00bb3297&Prime; img_size=\u00a0\u00bbfull\u00a0\u00bb css_animation=\u00a0\u00bbbottom-to-top\u00a0\u00bb][vc_single_image image=\u00a0\u00bb3295&Prime; img_size=\u00a0\u00bbfull\u00a0\u00bb css_animation=\u00a0\u00bbbottom-to-top\u00a0\u00bb][\/vc_column_inner][vc_column_inner el_class=\u00a0\u00bblist-item-line-height\u00a0\u00bb width=\u00a0\u00bb5\/12&Prime; css_animation=\u00a0\u00bbbottom-to-top\u00a0\u00bb css=\u00a0\u00bb.vc_custom_1586163354849{margin-top: 90px !important;padding-bottom: 18px !important;}\u00a0\u00bb][\/vc_column_inner][\/vc_row_inner][\/vc_column][\/vc_row]\" \/>\n<meta property=\"og:url\" content=\"https:\/\/sylas.com\/fr\/prestations-et-produits\/plateforme-generique-3d-sylas-uni1000-support-de-processus-clients\/\" \/>\n<meta property=\"og:site_name\" content=\"SYLAS\u00ae\" \/>\n<meta property=\"article:modified_time\" content=\"2020-04-21T14:56:27+00:00\" \/>\n<meta name=\"twitter:card\" content=\"summary_large_image\" \/>\n<meta name=\"twitter:label1\" content=\"Dur\u00e9e de lecture estim\u00e9e\" \/>\n\t<meta name=\"twitter:data1\" content=\"2 minutes\" \/>\n<script type=\"application\/ld+json\" class=\"yoast-schema-graph\">{\"@context\":\"https:\/\/schema.org\",\"@graph\":[{\"@type\":\"WebPage\",\"@id\":\"https:\/\/sylas.com\/fr\/prestations-et-produits\/plateforme-generique-3d-sylas-uni1000-support-de-processus-clients\/\",\"url\":\"https:\/\/sylas.com\/fr\/prestations-et-produits\/plateforme-generique-3d-sylas-uni1000-support-de-processus-clients\/\",\"name\":\"Plateforme g\u00e9n\u00e9rique 3D SYLAS SPARK : support de processus clients - SYLAS\u00ae\",\"isPartOf\":{\"@id\":\"https:\/\/sylas.com\/fr\/#website\"},\"datePublished\":\"2020-01-27T16:51:43+00:00\",\"dateModified\":\"2020-04-21T14:56:27+00:00\",\"breadcrumb\":{\"@id\":\"https:\/\/sylas.com\/fr\/prestations-et-produits\/plateforme-generique-3d-sylas-uni1000-support-de-processus-clients\/#breadcrumb\"},\"inLanguage\":\"fr-FR\",\"potentialAction\":[{\"@type\":\"ReadAction\",\"target\":[\"https:\/\/sylas.com\/fr\/prestations-et-produits\/plateforme-generique-3d-sylas-uni1000-support-de-processus-clients\/\"]}]},{\"@type\":\"BreadcrumbList\",\"@id\":\"https:\/\/sylas.com\/fr\/prestations-et-produits\/plateforme-generique-3d-sylas-uni1000-support-de-processus-clients\/#breadcrumb\",\"itemListElement\":[{\"@type\":\"ListItem\",\"position\":1,\"name\":\"Prestations et produits\",\"item\":\"https:\/\/sylas.com\/fr\/prestations-et-produits\/\"},{\"@type\":\"ListItem\",\"position\":2,\"name\":\"Plateforme g\u00e9n\u00e9rique 3D SYLAS SPARK : support de processus clients\"}]},{\"@type\":\"WebSite\",\"@id\":\"https:\/\/sylas.com\/fr\/#website\",\"url\":\"https:\/\/sylas.com\/fr\/\",\"name\":\"SYLAS\u00ae\",\"description\":\"\",\"publisher\":{\"@id\":\"https:\/\/sylas.com\/fr\/#organization\"},\"potentialAction\":[{\"@type\":\"SearchAction\",\"target\":{\"@type\":\"EntryPoint\",\"urlTemplate\":\"https:\/\/sylas.com\/fr\/?s={search_term_string}\"},\"query-input\":{\"@type\":\"PropertyValueSpecification\",\"valueRequired\":true,\"valueName\":\"search_term_string\"}}],\"inLanguage\":\"fr-FR\"},{\"@type\":\"Organization\",\"@id\":\"https:\/\/sylas.com\/fr\/#organization\",\"name\":\"SYLAS SA\",\"url\":\"https:\/\/sylas.com\/fr\/\",\"logo\":{\"@type\":\"ImageObject\",\"inLanguage\":\"fr-FR\",\"@id\":\"https:\/\/sylas.com\/fr\/#\/schema\/logo\/image\/\",\"url\":\"https:\/\/sylas.com\/wp-content\/uploads\/2020\/01\/Logo-Sylas-Laser-Systems@2x.png\",\"contentUrl\":\"https:\/\/sylas.com\/wp-content\/uploads\/2020\/01\/Logo-Sylas-Laser-Systems@2x.png\",\"width\":310,\"height\":160,\"caption\":\"SYLAS SA\"},\"image\":{\"@id\":\"https:\/\/sylas.com\/fr\/#\/schema\/logo\/image\/\"}}]}<\/script>\n<!-- \/ Yoast SEO plugin. -->","yoast_head_json":{"title":"Plateforme g\u00e9n\u00e9rique 3D SYLAS SPARK : support de processus clients - SYLAS\u00ae","robots":{"index":"index","follow":"follow","max-snippet":"max-snippet:-1","max-image-preview":"max-image-preview:large","max-video-preview":"max-video-preview:-1"},"canonical":"https:\/\/sylas.com\/fr\/prestations-et-produits\/plateforme-generique-3d-sylas-uni1000-support-de-processus-clients\/","og_locale":"fr_FR","og_type":"article","og_title":"Plateforme g\u00e9n\u00e9rique 3D SYLAS SPARK : support de processus clients - SYLAS\u00ae","og_description":"[vc_row center_row=\u00a0\u00bbyes\u00a0\u00bb css=\u00a0\u00bb.vc_custom_1582885396006{padding-top: 170px !important;padding-bottom: 60px !important;}\u00a0\u00bb el_id=\u00a0\u00bbsection-how-it-works\u00a0\u00bb][vc_column][vc_row_inner gap=\u00a0\u00bb35&Prime;][vc_column_inner width=\u00a0\u00bb7\/12&Prime; css=\u00a0\u00bb.vc_custom_1586162683080{margin-bottom: 100px !important;}\u00a0\u00bb][vc_single_image image=\u00a0\u00bb3292&Prime; img_size=\u00a0\u00bbfull\u00a0\u00bb alignment=\u00a0\u00bbcenter\u00a0\u00bb css_animation=\u00a0\u00bbbottom-to-top\u00a0\u00bb css=\u00a0\u00bb.vc_custom_1586162772882{margin-top: -35px !important;padding-right: 75px !important;}\u00a0\u00bb][\/vc_column_inner][vc_column_inner el_class=\u00a0\u00bblist-item-line-height\u00a0\u00bb width=\u00a0\u00bb5\/12&Prime; css_animation=\u00a0\u00bbbottom-to-top\u00a0\u00bb css=\u00a0\u00bb.vc_custom_1586162654165{padding-top: 100px !important;padding-bottom: 18px !important;}\u00a0\u00bb][\/vc_column_inner][\/vc_row_inner][vc_row_inner][vc_column_inner width=\u00a0\u00bb7\/12&Prime;][vc_single_image image=\u00a0\u00bb3297&Prime; img_size=\u00a0\u00bbfull\u00a0\u00bb css_animation=\u00a0\u00bbbottom-to-top\u00a0\u00bb][vc_single_image image=\u00a0\u00bb3295&Prime; img_size=\u00a0\u00bbfull\u00a0\u00bb css_animation=\u00a0\u00bbbottom-to-top\u00a0\u00bb][\/vc_column_inner][vc_column_inner el_class=\u00a0\u00bblist-item-line-height\u00a0\u00bb width=\u00a0\u00bb5\/12&Prime; css_animation=\u00a0\u00bbbottom-to-top\u00a0\u00bb css=\u00a0\u00bb.vc_custom_1586163354849{margin-top: 90px !important;padding-bottom: 18px !important;}\u00a0\u00bb][\/vc_column_inner][\/vc_row_inner][\/vc_column][\/vc_row]","og_url":"https:\/\/sylas.com\/fr\/prestations-et-produits\/plateforme-generique-3d-sylas-uni1000-support-de-processus-clients\/","og_site_name":"SYLAS\u00ae","article_modified_time":"2020-04-21T14:56:27+00:00","twitter_card":"summary_large_image","twitter_misc":{"Dur\u00e9e de lecture estim\u00e9e":"2 minutes"},"schema":{"@context":"https:\/\/schema.org","@graph":[{"@type":"WebPage","@id":"https:\/\/sylas.com\/fr\/prestations-et-produits\/plateforme-generique-3d-sylas-uni1000-support-de-processus-clients\/","url":"https:\/\/sylas.com\/fr\/prestations-et-produits\/plateforme-generique-3d-sylas-uni1000-support-de-processus-clients\/","name":"Plateforme g\u00e9n\u00e9rique 3D SYLAS SPARK : support de processus clients - SYLAS\u00ae","isPartOf":{"@id":"https:\/\/sylas.com\/fr\/#website"},"datePublished":"2020-01-27T16:51:43+00:00","dateModified":"2020-04-21T14:56:27+00:00","breadcrumb":{"@id":"https:\/\/sylas.com\/fr\/prestations-et-produits\/plateforme-generique-3d-sylas-uni1000-support-de-processus-clients\/#breadcrumb"},"inLanguage":"fr-FR","potentialAction":[{"@type":"ReadAction","target":["https:\/\/sylas.com\/fr\/prestations-et-produits\/plateforme-generique-3d-sylas-uni1000-support-de-processus-clients\/"]}]},{"@type":"BreadcrumbList","@id":"https:\/\/sylas.com\/fr\/prestations-et-produits\/plateforme-generique-3d-sylas-uni1000-support-de-processus-clients\/#breadcrumb","itemListElement":[{"@type":"ListItem","position":1,"name":"Prestations et produits","item":"https:\/\/sylas.com\/fr\/prestations-et-produits\/"},{"@type":"ListItem","position":2,"name":"Plateforme g\u00e9n\u00e9rique 3D SYLAS SPARK : support de processus clients"}]},{"@type":"WebSite","@id":"https:\/\/sylas.com\/fr\/#website","url":"https:\/\/sylas.com\/fr\/","name":"SYLAS\u00ae","description":"","publisher":{"@id":"https:\/\/sylas.com\/fr\/#organization"},"potentialAction":[{"@type":"SearchAction","target":{"@type":"EntryPoint","urlTemplate":"https:\/\/sylas.com\/fr\/?s={search_term_string}"},"query-input":{"@type":"PropertyValueSpecification","valueRequired":true,"valueName":"search_term_string"}}],"inLanguage":"fr-FR"},{"@type":"Organization","@id":"https:\/\/sylas.com\/fr\/#organization","name":"SYLAS SA","url":"https:\/\/sylas.com\/fr\/","logo":{"@type":"ImageObject","inLanguage":"fr-FR","@id":"https:\/\/sylas.com\/fr\/#\/schema\/logo\/image\/","url":"https:\/\/sylas.com\/wp-content\/uploads\/2020\/01\/Logo-Sylas-Laser-Systems@2x.png","contentUrl":"https:\/\/sylas.com\/wp-content\/uploads\/2020\/01\/Logo-Sylas-Laser-Systems@2x.png","width":310,"height":160,"caption":"SYLAS SA"},"image":{"@id":"https:\/\/sylas.com\/fr\/#\/schema\/logo\/image\/"}}]}},"_links":{"self":[{"href":"https:\/\/sylas.com\/fr\/wp-json\/wp\/v2\/pages\/2694","targetHints":{"allow":["GET"]}}],"collection":[{"href":"https:\/\/sylas.com\/fr\/wp-json\/wp\/v2\/pages"}],"about":[{"href":"https:\/\/sylas.com\/fr\/wp-json\/wp\/v2\/types\/page"}],"author":[{"embeddable":true,"href":"https:\/\/sylas.com\/fr\/wp-json\/wp\/v2\/users\/1"}],"replies":[{"embeddable":true,"href":"https:\/\/sylas.com\/fr\/wp-json\/wp\/v2\/comments?post=2694"}],"version-history":[{"count":33,"href":"https:\/\/sylas.com\/fr\/wp-json\/wp\/v2\/pages\/2694\/revisions"}],"predecessor-version":[{"id":3372,"href":"https:\/\/sylas.com\/fr\/wp-json\/wp\/v2\/pages\/2694\/revisions\/3372"}],"up":[{"embeddable":true,"href":"https:\/\/sylas.com\/fr\/wp-json\/wp\/v2\/pages\/2686"}],"wp:attachment":[{"href":"https:\/\/sylas.com\/fr\/wp-json\/wp\/v2\/media?parent=2694"}],"curies":[{"name":"wp","href":"https:\/\/api.w.org\/{rel}","templated":true}]}}