{"id":2692,"date":"2020-01-27T17:51:05","date_gmt":"2020-01-27T16:51:05","guid":{"rendered":"http:\/\/sylas.com\/?page_id=2692"},"modified":"2020-04-21T16:50:21","modified_gmt":"2020-04-21T14:50:21","slug":"machine-de-polissage-3d-sylas-poli1000-semi-ou-totalement-automatisee","status":"publish","type":"page","link":"https:\/\/sylas.com\/fr\/prestations-et-produits\/machine-de-polissage-3d-sylas-poli1000-semi-ou-totalement-automatisee\/","title":{"rendered":"Machine de polissage 3D SYLAS SLEEK 1000 : semi ou totalement automatis\u00e9e"},"content":{"rendered":"<p>[vc_row center_row=\u00a0\u00bbyes\u00a0\u00bb css=\u00a0\u00bb.vc_custom_1582885396006{padding-top: 170px !important;padding-bottom: 60px !important;}\u00a0\u00bb el_id=\u00a0\u00bbsection-how-it-works\u00a0\u00bb][vc_column]<div class=\"zozo-parallax-header wpb_animate_when_almost_visible wpb_bottom-to-top\"><div class=\"parallax-header content-style-default\"><h2 class=\"parallax-title\">Machine de polissage <span class=\"title-suffix\">3D SYLAS SLEEK 1000<\/span><\/h2><div class=\"parallax-desc default-style\"><p>Notre\u00a0<strong>machine de polissage par laser 3D SYLAS SLEEK 1000<\/strong>, est construite sur la base de notre <strong>plateforme g\u00e9n\u00e9rique 3D SYLAS SPARK<\/strong> et est dot\u00e9e de caract\u00e9ristiques sp\u00e9cifiques aux besoins du polissage par laser.<\/p>\n<\/div><\/div><\/div>[vc_row_inner][vc_column_inner width=\u00a0\u00bb2\/3&Prime; offset=\u00a0\u00bbvc_col-lg-offset-0 vc_col-lg-5 vc_col-md-offset-0 vc_col-md-5 vc_col-sm-offset-2&Prime;][vc_single_image image=\u00a0\u00bb3127&Prime; img_size=\u00a0\u00bbfull\u00a0\u00bb css_animation=\u00a0\u00bbbottom-to-top\u00a0\u00bb][vc_single_image image=\u00a0\u00bb3125&Prime; img_size=\u00a0\u00bbfull\u00a0\u00bb css_animation=\u00a0\u00bbbottom-to-top\u00a0\u00bb css=\u00a0\u00bb.vc_custom_1584971734840{margin-top: 60px !important;margin-bottom: 60px !important;}\u00a0\u00bb][vc_single_image image=\u00a0\u00bb3123&Prime; img_size=\u00a0\u00bbfull\u00a0\u00bb css_animation=\u00a0\u00bbbottom-to-top\u00a0\u00bb][\/vc_column_inner][vc_column_inner el_class=\u00a0\u00bblist-item-line-height\u00a0\u00bb width=\u00a0\u00bb5\/6&Prime; css_animation=\u00a0\u00bbbottom-to-top\u00a0\u00bb css=\u00a0\u00bb.vc_custom_1584026020752{padding-bottom: 18px !important;}\u00a0\u00bb offset=\u00a0\u00bbvc_col-lg-offset-0 vc_col-lg-7 vc_col-md-offset-0 vc_col-md-7 vc_col-sm-offset-1&Prime;]<div class=\"zozo-parallax-header cdev_left wpb_animate_when_almost_visible wpb_bottom-to-top\"><div class=\"parallax-header content-style-default\"><h3 class=\"parallax-title text-left\">Plateforme de <span class=\"title-suffix\">polissage laser<\/span><\/h3><div class=\"parallax-desc default-style text-left\"><ul>\n<li>La machine est con\u00e7ue pour recevoir les diff\u00e9rents <strong>lasers et syst\u00e8mes optiques n\u00e9cessaires au polissage<\/strong> des divers mat\u00e9riaux pour lesquels nous ma\u00eetrisons le polissage.<\/li>\n<li>La machine peut \u00eatre configur\u00e9e pour un fonctionnement en <strong>mode semi-automatique<\/strong> (chargement et d\u00e9chargement manuel des composants \u00e0 polir) <strong>ou totalement automatique<\/strong>. Dans ce dernier cas, les syst\u00e8mes de charge\/d\u00e9charge automatis\u00e9e sont adapt\u00e9s aux besoins de l\u2019application du client.<\/li>\n<li>Le logiciel est con\u00e7u de mani\u00e8re \u00e0 ce que la <strong>vitesse surfacique du faisceau laser soit maintenue constante<\/strong> quels que soient les mouvements de chacun des 5 axes de la machine.<\/li>\n<li>La machine est \u00e9quip\u00e9e d\u2019un\u00a0<strong>palpeur et de routines automatiques\u00a0pour le recalage<\/strong> des origines pi\u00e8ces dans l\u2019espace.<\/li>\n<li>Les diff\u00e9rentes t\u00eates optiques implant\u00e9es sur la machine sont d\u00e9finies dans le logiciel de la m\u00eame mani\u00e8re que les outils d\u2019usinage (fraises\u2026) sur une CNC classique. Toutes les fonctions sp\u00e9cifiques au polissage (trajectoires d\u2019\u00e9vitement, param\u00e9trage des vitesses, des points d\u2019entr\u00e9e, \u2026) sont exploit\u00e9es automatiquement sur la plateforme FAO Top Solid\u2019Cam 7 gr\u00e2ce \u00e0 un plugin livr\u00e9e avec la machine. <strong>La machine de polissage se laisse ainsi programmer de la m\u00eame mani\u00e8re que les meilleures machines-outils du march\u00e9<\/strong>. Un programmateur retrouvera sur la <strong>machine 3D SYLAS SLEEK 1000<\/strong> un environnement similaire aux meilleures CNC du march\u00e9.<\/li>\n<\/ul>\n<\/div><\/div><\/div>[vc_column_text css=\u00a0\u00bb.vc_custom_1580137711887{margin-bottom: 30px !important;}\u00a0\u00bb]<\/p>\n<h4>Caract\u00e9ristiques m\u00e9caniques<\/h4>\n<p>[\/vc_column_text][vc_column_text]<\/p>\n<ul>\n<li>Dimensions maximales des produits trait\u00e9e : 200 \u00d7 200 \u00d7 200 mm.<\/li>\n<li>Poids maximal des produits trait\u00e9s : 14 kg.<\/li>\n<li>Processus de prise de r\u00e9f\u00e9rences totalement automatis\u00e9.<\/li>\n<li>Magasins d\u2019outils.<\/li>\n<\/ul>\n<p>[\/vc_column_text]<div class=\" ubtn-ctn-center cdev_button\"><a class=\"ubtn-link ult-adjust-bottom-margin ubtn-center ubtn-normal cdev_button\" href=\"https:\/\/sylas.com\/fr\/savoir-faire\/polissage-laser-3d-pour-la-fabrication-additive-metallique\/\" title=\"Machine de polissage 3D Sylas Poli1000 : semi ou totalement automatis\u00e9e\" ><button type=\"button\" id=\"ubtn-6989\"  class=\"ubtn ult-adjust-bottom-margin ult-responsive ubtn-normal ubtn-no-hover-bg  none  ubtn-center   tooltip-69d426f3b8cc5\"  data-hover=\"#000000\" data-border-color=\"\" data-bg=\"#e0e0e0\" data-hover-bg=\"\" data-border-hover=\"\" data-shadow-hover=\"\" data-shadow-click=\"none\" data-shadow=\"\" data-shd-shadow=\"\"  data-ultimate-target='#ubtn-6989'  data-responsive-json-new='{\"font-size\":\"\",\"line-height\":\"\"}'  style=\"font-weight:normal;border:none;background: #e0e0e0;color: #ffffff;\"><span class=\"ubtn-hover\" style=\"background-color:\"><\/span><span class=\"ubtn-data ubtn-text \" >En savoir plus sur le polissage laser pour la fabrication additive<\/span><\/button><\/a><\/div>[\/vc_column_inner][\/vc_row_inner][\/vc_column][\/vc_row]<\/p>\n","protected":false},"excerpt":{"rendered":"<p>[vc_row center_row=\u00a0\u00bbyes\u00a0\u00bb css=\u00a0\u00bb.vc_custom_1582885396006{padding-top: 170px !important;padding-bottom: 60px !important;}\u00a0\u00bb el_id=\u00a0\u00bbsection-how-it-works\u00a0\u00bb][vc_column][vc_row_inner][vc_column_inner width=\u00a0\u00bb2\/3&Prime; offset=\u00a0\u00bbvc_col-lg-offset-0 vc_col-lg-5 vc_col-md-offset-0 vc_col-md-5 vc_col-sm-offset-2&Prime;][vc_single_image image=\u00a0\u00bb3127&Prime; img_size=\u00a0\u00bbfull\u00a0\u00bb css_animation=\u00a0\u00bbbottom-to-top\u00a0\u00bb][vc_single_image image=\u00a0\u00bb3125&Prime; img_size=\u00a0\u00bbfull\u00a0\u00bb css_animation=\u00a0\u00bbbottom-to-top\u00a0\u00bb css=\u00a0\u00bb.vc_custom_1584971734840{margin-top: 60px !important;margin-bottom: 60px !important;}\u00a0\u00bb][vc_single_image image=\u00a0\u00bb3123&Prime; img_size=\u00a0\u00bbfull\u00a0\u00bb css_animation=\u00a0\u00bbbottom-to-top\u00a0\u00bb][\/vc_column_inner][vc_column_inner el_class=\u00a0\u00bblist-item-line-height\u00a0\u00bb width=\u00a0\u00bb5\/6&Prime; css_animation=\u00a0\u00bbbottom-to-top\u00a0\u00bb css=\u00a0\u00bb.vc_custom_1584026020752{padding-bottom: 18px !important;}\u00a0\u00bb offset=\u00a0\u00bbvc_col-lg-offset-0 vc_col-lg-7 vc_col-md-offset-0 vc_col-md-7 vc_col-sm-offset-1&Prime;][vc_column_text css=\u00a0\u00bb.vc_custom_1580137711887{margin-bottom: 30px !important;}\u00a0\u00bb] Caract\u00e9ristiques m\u00e9caniques [\/vc_column_text][vc_column_text] Dimensions maximales des produits trait\u00e9e : 200 \u00d7 200 \u00d7 200 mm. Poids maximal des&#8230;<\/p>\n","protected":false},"author":1,"featured_media":0,"parent":2686,"menu_order":0,"comment_status":"closed","ping_status":"closed","template":"","meta":{"footnotes":""},"class_list":["post-2692","page","type-page","status-publish","hentry"],"yoast_head":"<!-- This site is optimized with the Yoast SEO plugin v25.1 - https:\/\/yoast.com\/wordpress\/plugins\/seo\/ -->\n<title>Machine de polissage 3D SYLAS SLEEK 1000 : semi ou totalement automatis\u00e9e - SYLAS\u00ae<\/title>\n<meta name=\"robots\" content=\"index, follow, max-snippet:-1, max-image-preview:large, max-video-preview:-1\" \/>\n<link rel=\"canonical\" href=\"https:\/\/sylas.com\/fr\/prestations-et-produits\/machine-de-polissage-3d-sylas-poli1000-semi-ou-totalement-automatisee\/\" \/>\n<meta property=\"og:locale\" content=\"fr_FR\" \/>\n<meta property=\"og:type\" content=\"article\" \/>\n<meta property=\"og:title\" content=\"Machine de polissage 3D SYLAS SLEEK 1000 : semi ou totalement automatis\u00e9e - SYLAS\u00ae\" \/>\n<meta property=\"og:description\" content=\"[vc_row center_row=\u00a0\u00bbyes\u00a0\u00bb css=\u00a0\u00bb.vc_custom_1582885396006{padding-top: 170px !important;padding-bottom: 60px !important;}\u00a0\u00bb el_id=\u00a0\u00bbsection-how-it-works\u00a0\u00bb][vc_column][vc_row_inner][vc_column_inner width=\u00a0\u00bb2\/3&Prime; offset=\u00a0\u00bbvc_col-lg-offset-0 vc_col-lg-5 vc_col-md-offset-0 vc_col-md-5 vc_col-sm-offset-2&Prime;][vc_single_image image=\u00a0\u00bb3127&Prime; img_size=\u00a0\u00bbfull\u00a0\u00bb css_animation=\u00a0\u00bbbottom-to-top\u00a0\u00bb][vc_single_image image=\u00a0\u00bb3125&Prime; img_size=\u00a0\u00bbfull\u00a0\u00bb css_animation=\u00a0\u00bbbottom-to-top\u00a0\u00bb css=\u00a0\u00bb.vc_custom_1584971734840{margin-top: 60px !important;margin-bottom: 60px !important;}\u00a0\u00bb][vc_single_image image=\u00a0\u00bb3123&Prime; img_size=\u00a0\u00bbfull\u00a0\u00bb css_animation=\u00a0\u00bbbottom-to-top\u00a0\u00bb][\/vc_column_inner][vc_column_inner el_class=\u00a0\u00bblist-item-line-height\u00a0\u00bb width=\u00a0\u00bb5\/6&Prime; css_animation=\u00a0\u00bbbottom-to-top\u00a0\u00bb css=\u00a0\u00bb.vc_custom_1584026020752{padding-bottom: 18px !important;}\u00a0\u00bb offset=\u00a0\u00bbvc_col-lg-offset-0 vc_col-lg-7 vc_col-md-offset-0 vc_col-md-7 vc_col-sm-offset-1&Prime;][vc_column_text css=\u00a0\u00bb.vc_custom_1580137711887{margin-bottom: 30px !important;}\u00a0\u00bb] Caract\u00e9ristiques m\u00e9caniques [\/vc_column_text][vc_column_text] Dimensions maximales des produits trait\u00e9e : 200 \u00d7 200 \u00d7 200 mm. Poids maximal des...\" \/>\n<meta property=\"og:url\" content=\"https:\/\/sylas.com\/fr\/prestations-et-produits\/machine-de-polissage-3d-sylas-poli1000-semi-ou-totalement-automatisee\/\" \/>\n<meta property=\"og:site_name\" content=\"SYLAS\u00ae\" \/>\n<meta property=\"article:modified_time\" content=\"2020-04-21T14:50:21+00:00\" \/>\n<meta name=\"twitter:card\" content=\"summary_large_image\" \/>\n<meta name=\"twitter:label1\" content=\"Dur\u00e9e de lecture estim\u00e9e\" \/>\n\t<meta name=\"twitter:data1\" content=\"3 minutes\" \/>\n<script type=\"application\/ld+json\" class=\"yoast-schema-graph\">{\"@context\":\"https:\/\/schema.org\",\"@graph\":[{\"@type\":\"WebPage\",\"@id\":\"https:\/\/sylas.com\/fr\/prestations-et-produits\/machine-de-polissage-3d-sylas-poli1000-semi-ou-totalement-automatisee\/\",\"url\":\"https:\/\/sylas.com\/fr\/prestations-et-produits\/machine-de-polissage-3d-sylas-poli1000-semi-ou-totalement-automatisee\/\",\"name\":\"Machine de polissage 3D SYLAS SLEEK 1000 : semi ou totalement automatis\u00e9e - SYLAS\u00ae\",\"isPartOf\":{\"@id\":\"https:\/\/sylas.com\/fr\/#website\"},\"datePublished\":\"2020-01-27T16:51:05+00:00\",\"dateModified\":\"2020-04-21T14:50:21+00:00\",\"breadcrumb\":{\"@id\":\"https:\/\/sylas.com\/fr\/prestations-et-produits\/machine-de-polissage-3d-sylas-poli1000-semi-ou-totalement-automatisee\/#breadcrumb\"},\"inLanguage\":\"fr-FR\",\"potentialAction\":[{\"@type\":\"ReadAction\",\"target\":[\"https:\/\/sylas.com\/fr\/prestations-et-produits\/machine-de-polissage-3d-sylas-poli1000-semi-ou-totalement-automatisee\/\"]}]},{\"@type\":\"BreadcrumbList\",\"@id\":\"https:\/\/sylas.com\/fr\/prestations-et-produits\/machine-de-polissage-3d-sylas-poli1000-semi-ou-totalement-automatisee\/#breadcrumb\",\"itemListElement\":[{\"@type\":\"ListItem\",\"position\":1,\"name\":\"Prestations et produits\",\"item\":\"https:\/\/sylas.com\/fr\/prestations-et-produits\/\"},{\"@type\":\"ListItem\",\"position\":2,\"name\":\"Machine de polissage 3D SYLAS SLEEK 1000 : semi ou totalement automatis\u00e9e\"}]},{\"@type\":\"WebSite\",\"@id\":\"https:\/\/sylas.com\/fr\/#website\",\"url\":\"https:\/\/sylas.com\/fr\/\",\"name\":\"SYLAS\u00ae\",\"description\":\"\",\"publisher\":{\"@id\":\"https:\/\/sylas.com\/fr\/#organization\"},\"potentialAction\":[{\"@type\":\"SearchAction\",\"target\":{\"@type\":\"EntryPoint\",\"urlTemplate\":\"https:\/\/sylas.com\/fr\/?s={search_term_string}\"},\"query-input\":{\"@type\":\"PropertyValueSpecification\",\"valueRequired\":true,\"valueName\":\"search_term_string\"}}],\"inLanguage\":\"fr-FR\"},{\"@type\":\"Organization\",\"@id\":\"https:\/\/sylas.com\/fr\/#organization\",\"name\":\"SYLAS SA\",\"url\":\"https:\/\/sylas.com\/fr\/\",\"logo\":{\"@type\":\"ImageObject\",\"inLanguage\":\"fr-FR\",\"@id\":\"https:\/\/sylas.com\/fr\/#\/schema\/logo\/image\/\",\"url\":\"https:\/\/sylas.com\/wp-content\/uploads\/2020\/01\/Logo-Sylas-Laser-Systems@2x.png\",\"contentUrl\":\"https:\/\/sylas.com\/wp-content\/uploads\/2020\/01\/Logo-Sylas-Laser-Systems@2x.png\",\"width\":310,\"height\":160,\"caption\":\"SYLAS SA\"},\"image\":{\"@id\":\"https:\/\/sylas.com\/fr\/#\/schema\/logo\/image\/\"}}]}<\/script>\n<!-- \/ Yoast SEO plugin. -->","yoast_head_json":{"title":"Machine de polissage 3D SYLAS SLEEK 1000 : semi ou totalement automatis\u00e9e - SYLAS\u00ae","robots":{"index":"index","follow":"follow","max-snippet":"max-snippet:-1","max-image-preview":"max-image-preview:large","max-video-preview":"max-video-preview:-1"},"canonical":"https:\/\/sylas.com\/fr\/prestations-et-produits\/machine-de-polissage-3d-sylas-poli1000-semi-ou-totalement-automatisee\/","og_locale":"fr_FR","og_type":"article","og_title":"Machine de polissage 3D SYLAS SLEEK 1000 : semi ou totalement automatis\u00e9e - SYLAS\u00ae","og_description":"[vc_row center_row=\u00a0\u00bbyes\u00a0\u00bb css=\u00a0\u00bb.vc_custom_1582885396006{padding-top: 170px !important;padding-bottom: 60px !important;}\u00a0\u00bb el_id=\u00a0\u00bbsection-how-it-works\u00a0\u00bb][vc_column][vc_row_inner][vc_column_inner width=\u00a0\u00bb2\/3&Prime; offset=\u00a0\u00bbvc_col-lg-offset-0 vc_col-lg-5 vc_col-md-offset-0 vc_col-md-5 vc_col-sm-offset-2&Prime;][vc_single_image image=\u00a0\u00bb3127&Prime; img_size=\u00a0\u00bbfull\u00a0\u00bb css_animation=\u00a0\u00bbbottom-to-top\u00a0\u00bb][vc_single_image image=\u00a0\u00bb3125&Prime; img_size=\u00a0\u00bbfull\u00a0\u00bb css_animation=\u00a0\u00bbbottom-to-top\u00a0\u00bb css=\u00a0\u00bb.vc_custom_1584971734840{margin-top: 60px !important;margin-bottom: 60px !important;}\u00a0\u00bb][vc_single_image image=\u00a0\u00bb3123&Prime; img_size=\u00a0\u00bbfull\u00a0\u00bb css_animation=\u00a0\u00bbbottom-to-top\u00a0\u00bb][\/vc_column_inner][vc_column_inner el_class=\u00a0\u00bblist-item-line-height\u00a0\u00bb width=\u00a0\u00bb5\/6&Prime; css_animation=\u00a0\u00bbbottom-to-top\u00a0\u00bb css=\u00a0\u00bb.vc_custom_1584026020752{padding-bottom: 18px !important;}\u00a0\u00bb offset=\u00a0\u00bbvc_col-lg-offset-0 vc_col-lg-7 vc_col-md-offset-0 vc_col-md-7 vc_col-sm-offset-1&Prime;][vc_column_text css=\u00a0\u00bb.vc_custom_1580137711887{margin-bottom: 30px !important;}\u00a0\u00bb] Caract\u00e9ristiques m\u00e9caniques [\/vc_column_text][vc_column_text] Dimensions maximales des produits trait\u00e9e : 200 \u00d7 200 \u00d7 200 mm. Poids maximal des...","og_url":"https:\/\/sylas.com\/fr\/prestations-et-produits\/machine-de-polissage-3d-sylas-poli1000-semi-ou-totalement-automatisee\/","og_site_name":"SYLAS\u00ae","article_modified_time":"2020-04-21T14:50:21+00:00","twitter_card":"summary_large_image","twitter_misc":{"Dur\u00e9e de lecture estim\u00e9e":"3 minutes"},"schema":{"@context":"https:\/\/schema.org","@graph":[{"@type":"WebPage","@id":"https:\/\/sylas.com\/fr\/prestations-et-produits\/machine-de-polissage-3d-sylas-poli1000-semi-ou-totalement-automatisee\/","url":"https:\/\/sylas.com\/fr\/prestations-et-produits\/machine-de-polissage-3d-sylas-poli1000-semi-ou-totalement-automatisee\/","name":"Machine de polissage 3D SYLAS SLEEK 1000 : semi ou totalement automatis\u00e9e - SYLAS\u00ae","isPartOf":{"@id":"https:\/\/sylas.com\/fr\/#website"},"datePublished":"2020-01-27T16:51:05+00:00","dateModified":"2020-04-21T14:50:21+00:00","breadcrumb":{"@id":"https:\/\/sylas.com\/fr\/prestations-et-produits\/machine-de-polissage-3d-sylas-poli1000-semi-ou-totalement-automatisee\/#breadcrumb"},"inLanguage":"fr-FR","potentialAction":[{"@type":"ReadAction","target":["https:\/\/sylas.com\/fr\/prestations-et-produits\/machine-de-polissage-3d-sylas-poli1000-semi-ou-totalement-automatisee\/"]}]},{"@type":"BreadcrumbList","@id":"https:\/\/sylas.com\/fr\/prestations-et-produits\/machine-de-polissage-3d-sylas-poli1000-semi-ou-totalement-automatisee\/#breadcrumb","itemListElement":[{"@type":"ListItem","position":1,"name":"Prestations et produits","item":"https:\/\/sylas.com\/fr\/prestations-et-produits\/"},{"@type":"ListItem","position":2,"name":"Machine de polissage 3D SYLAS SLEEK 1000 : semi ou totalement automatis\u00e9e"}]},{"@type":"WebSite","@id":"https:\/\/sylas.com\/fr\/#website","url":"https:\/\/sylas.com\/fr\/","name":"SYLAS\u00ae","description":"","publisher":{"@id":"https:\/\/sylas.com\/fr\/#organization"},"potentialAction":[{"@type":"SearchAction","target":{"@type":"EntryPoint","urlTemplate":"https:\/\/sylas.com\/fr\/?s={search_term_string}"},"query-input":{"@type":"PropertyValueSpecification","valueRequired":true,"valueName":"search_term_string"}}],"inLanguage":"fr-FR"},{"@type":"Organization","@id":"https:\/\/sylas.com\/fr\/#organization","name":"SYLAS SA","url":"https:\/\/sylas.com\/fr\/","logo":{"@type":"ImageObject","inLanguage":"fr-FR","@id":"https:\/\/sylas.com\/fr\/#\/schema\/logo\/image\/","url":"https:\/\/sylas.com\/wp-content\/uploads\/2020\/01\/Logo-Sylas-Laser-Systems@2x.png","contentUrl":"https:\/\/sylas.com\/wp-content\/uploads\/2020\/01\/Logo-Sylas-Laser-Systems@2x.png","width":310,"height":160,"caption":"SYLAS SA"},"image":{"@id":"https:\/\/sylas.com\/fr\/#\/schema\/logo\/image\/"}}]}},"_links":{"self":[{"href":"https:\/\/sylas.com\/fr\/wp-json\/wp\/v2\/pages\/2692","targetHints":{"allow":["GET"]}}],"collection":[{"href":"https:\/\/sylas.com\/fr\/wp-json\/wp\/v2\/pages"}],"about":[{"href":"https:\/\/sylas.com\/fr\/wp-json\/wp\/v2\/types\/page"}],"author":[{"embeddable":true,"href":"https:\/\/sylas.com\/fr\/wp-json\/wp\/v2\/users\/1"}],"replies":[{"embeddable":true,"href":"https:\/\/sylas.com\/fr\/wp-json\/wp\/v2\/comments?post=2692"}],"version-history":[{"count":20,"href":"https:\/\/sylas.com\/fr\/wp-json\/wp\/v2\/pages\/2692\/revisions"}],"predecessor-version":[{"id":3370,"href":"https:\/\/sylas.com\/fr\/wp-json\/wp\/v2\/pages\/2692\/revisions\/3370"}],"up":[{"embeddable":true,"href":"https:\/\/sylas.com\/fr\/wp-json\/wp\/v2\/pages\/2686"}],"wp:attachment":[{"href":"https:\/\/sylas.com\/fr\/wp-json\/wp\/v2\/media?parent=2692"}],"curies":[{"name":"wp","href":"https:\/\/api.w.org\/{rel}","templated":true}]}}