{"id":2690,"date":"2020-01-27T17:50:29","date_gmt":"2020-01-27T16:50:29","guid":{"rendered":"http:\/\/sylas.com\/?page_id=2690"},"modified":"2020-03-26T16:32:23","modified_gmt":"2020-03-26T15:32:23","slug":"job-shop-polissage-de-lots-de-composants-clients-sur-base-d-offre-forfaitaire","status":"publish","type":"page","link":"https:\/\/sylas.com\/fr\/prestations-et-produits\/job-shop-polissage-de-lots-de-composants-clients-sur-base-d-offre-forfaitaire\/","title":{"rendered":"Job shop : polissage de lots de composants clients sur base d\u2019offre forfaitaire"},"content":{"rendered":"<p>[vc_row][vc_column width=\u00a0\u00bb2\/3&Prime; offset=\u00a0\u00bbvc_col-lg-offset-2&Prime;]<div class=\"zozo-parallax-header wpb_animate_when_almost_visible wpb_bottom-to-top\"><div class=\"parallax-header content-style-default\"><h2 class=\"parallax-title text-center\">Sous-traitance de <span class=\"title-suffix\">polissage par laser<\/span><\/h2><div class=\"parallax-desc default-style text-center\"><p>Notre atelier est \u00e9quip\u00e9 pour effectuer de la sous-traitance. Quelque soit le nombre de composants que vous souhaitez polir, n\u2019h\u00e9sitez donc pas \u00e0 nous contacter pour obtenir une offre de prix et de d\u00e9lai pour le <strong>polissage de vos pi\u00e8ces<\/strong>.<\/p>\n<\/div><\/div><\/div>[\/vc_column][\/vc_row][vc_row css=\u00a0\u00bb.vc_custom_1582880383446{margin-top: 75px !important;}\u00a0\u00bb][vc_column width=\u00a0\u00bb1\/3&Prime;]<div class=\"zozo-feature-box feature-box-style style-info-box style-box-without-bg style-sep-yes  wpb_animate_when_almost_visible wpb_bottom-to-top clearfix\" id=\"feature-box-1\"><div class=\"grid-item\"><div class=\"grid-box-inner grid-text-center grid-box-exlarge grid-box-icon-circle grid-icon-shape grid-shape-circle\"><div class=\"grid-image-wrapper zozo-image-wrapper img-circle\"><img loading=\"lazy\" decoding=\"async\" width=\"300\" height=\"300\" src=\"https:\/\/sylas.com\/wp-content\/uploads\/2020\/02\/exemple-de-piece-polissable-par-laser-1.jpg\" class=\"img-circle attachment-layer-team\" alt=\"exemple de pi\u00e8ce polissable par laser 1\" title=\"exemple de pi\u00e8ce polissable par laser 1\" \/><\/div><\/div><\/div><\/div>[\/vc_column][vc_column width=\u00a0\u00bb1\/3&Prime;]<div class=\"zozo-feature-box feature-box-style style-info-box style-box-without-bg style-sep-yes  wpb_animate_when_almost_visible wpb_bottom-to-top clearfix\" id=\"feature-box-2\"><div class=\"grid-item\"><div class=\"grid-box-inner grid-text-center grid-box-exlarge grid-box-icon-circle grid-icon-shape grid-shape-circle\"><div class=\"grid-image-wrapper zozo-image-wrapper img-circle\"><img loading=\"lazy\" decoding=\"async\" width=\"300\" height=\"300\" src=\"https:\/\/sylas.com\/wp-content\/uploads\/2020\/02\/exemple-de-piece-polissable-par-laser-3.jpg\" class=\"img-circle attachment-layer-team\" alt=\"exemple de pi\u00e8ce polissable par laser 3\" title=\"exemple de pi\u00e8ce polissable par laser 3\" \/><\/div><\/div><\/div><\/div>[\/vc_column][vc_column width=\u00a0\u00bb1\/3&Prime;]<div class=\"zozo-feature-box feature-box-style style-info-box style-box-without-bg style-sep-yes  wpb_animate_when_almost_visible wpb_bottom-to-top clearfix\" id=\"feature-box-3\"><div class=\"grid-item\"><div class=\"grid-box-inner grid-text-center grid-box-exlarge grid-box-icon-circle grid-icon-shape grid-shape-circle\"><div class=\"grid-image-wrapper zozo-image-wrapper img-circle\"><img loading=\"lazy\" decoding=\"async\" width=\"300\" height=\"300\" src=\"https:\/\/sylas.com\/wp-content\/uploads\/2020\/03\/piece-polissable-par-laser-02.png\" class=\"img-circle attachment-layer-team\" alt=\"Pi\u00e8ce polissable par laser\" title=\"Pi\u00e8ce polissable par laser\" \/><\/div><\/div><\/div><\/div>[\/vc_column][\/vc_row][vc_row][vc_column][vc_column_text]<\/p>\n<p style=\"text-align: center;\">Exemples de pi\u00e8ces que nous pourrions polir pour vous dans notre atelier.<\/p>\n<p>[\/vc_column_text][\/vc_column][\/vc_row]<\/p>\n","protected":false},"excerpt":{"rendered":"<p>[vc_row][vc_column width=\u00a0\u00bb2\/3&Prime; offset=\u00a0\u00bbvc_col-lg-offset-2&Prime;][\/vc_column][\/vc_row][vc_row css=\u00a0\u00bb.vc_custom_1582880383446{margin-top: 75px !important;}\u00a0\u00bb][vc_column width=\u00a0\u00bb1\/3&Prime;][\/vc_column][vc_column width=\u00a0\u00bb1\/3&Prime;][\/vc_column][vc_column width=\u00a0\u00bb1\/3&Prime;][\/vc_column][\/vc_row][vc_row][vc_column][vc_column_text] Exemples de pi\u00e8ces que nous pourrions polir pour vous dans notre atelier. [\/vc_column_text][\/vc_column][\/vc_row]<\/p>\n","protected":false},"author":1,"featured_media":0,"parent":2686,"menu_order":0,"comment_status":"closed","ping_status":"closed","template":"","meta":{"footnotes":""},"class_list":["post-2690","page","type-page","status-publish","hentry"],"yoast_head":"<!-- This site is optimized with the Yoast SEO plugin v25.1 - https:\/\/yoast.com\/wordpress\/plugins\/seo\/ -->\n<title>Job shop : polissage de lots de composants clients sur base d\u2019offre forfaitaire - SYLAS\u00ae<\/title>\n<meta name=\"robots\" content=\"index, follow, max-snippet:-1, max-image-preview:large, max-video-preview:-1\" \/>\n<link rel=\"canonical\" href=\"https:\/\/sylas.com\/fr\/prestations-et-produits\/job-shop-polissage-de-lots-de-composants-clients-sur-base-d-offre-forfaitaire\/\" \/>\n<meta property=\"og:locale\" content=\"fr_FR\" \/>\n<meta property=\"og:type\" content=\"article\" \/>\n<meta property=\"og:title\" content=\"Job shop : polissage de lots de composants clients sur base d\u2019offre forfaitaire - SYLAS\u00ae\" \/>\n<meta property=\"og:description\" content=\"[vc_row][vc_column width=\u00a0\u00bb2\/3&Prime; offset=\u00a0\u00bbvc_col-lg-offset-2&Prime;][\/vc_column][\/vc_row][vc_row css=\u00a0\u00bb.vc_custom_1582880383446{margin-top: 75px !important;}\u00a0\u00bb][vc_column width=\u00a0\u00bb1\/3&Prime;][\/vc_column][vc_column width=\u00a0\u00bb1\/3&Prime;][\/vc_column][vc_column width=\u00a0\u00bb1\/3&Prime;][\/vc_column][\/vc_row][vc_row][vc_column][vc_column_text] Exemples de pi\u00e8ces que nous pourrions polir pour vous dans notre atelier. [\/vc_column_text][\/vc_column][\/vc_row]\" \/>\n<meta property=\"og:url\" content=\"https:\/\/sylas.com\/fr\/prestations-et-produits\/job-shop-polissage-de-lots-de-composants-clients-sur-base-d-offre-forfaitaire\/\" \/>\n<meta property=\"og:site_name\" content=\"SYLAS\u00ae\" \/>\n<meta property=\"article:modified_time\" content=\"2020-03-26T15:32:23+00:00\" \/>\n<meta name=\"twitter:card\" content=\"summary_large_image\" \/>\n<meta name=\"twitter:label1\" content=\"Dur\u00e9e de lecture estim\u00e9e\" \/>\n\t<meta name=\"twitter:data1\" content=\"1 minute\" \/>\n<script type=\"application\/ld+json\" class=\"yoast-schema-graph\">{\"@context\":\"https:\/\/schema.org\",\"@graph\":[{\"@type\":\"WebPage\",\"@id\":\"https:\/\/sylas.com\/fr\/prestations-et-produits\/job-shop-polissage-de-lots-de-composants-clients-sur-base-d-offre-forfaitaire\/\",\"url\":\"https:\/\/sylas.com\/fr\/prestations-et-produits\/job-shop-polissage-de-lots-de-composants-clients-sur-base-d-offre-forfaitaire\/\",\"name\":\"Job shop : polissage de lots de composants clients sur base d\u2019offre forfaitaire - SYLAS\u00ae\",\"isPartOf\":{\"@id\":\"https:\/\/sylas.com\/fr\/#website\"},\"datePublished\":\"2020-01-27T16:50:29+00:00\",\"dateModified\":\"2020-03-26T15:32:23+00:00\",\"breadcrumb\":{\"@id\":\"https:\/\/sylas.com\/fr\/prestations-et-produits\/job-shop-polissage-de-lots-de-composants-clients-sur-base-d-offre-forfaitaire\/#breadcrumb\"},\"inLanguage\":\"fr-FR\",\"potentialAction\":[{\"@type\":\"ReadAction\",\"target\":[\"https:\/\/sylas.com\/fr\/prestations-et-produits\/job-shop-polissage-de-lots-de-composants-clients-sur-base-d-offre-forfaitaire\/\"]}]},{\"@type\":\"BreadcrumbList\",\"@id\":\"https:\/\/sylas.com\/fr\/prestations-et-produits\/job-shop-polissage-de-lots-de-composants-clients-sur-base-d-offre-forfaitaire\/#breadcrumb\",\"itemListElement\":[{\"@type\":\"ListItem\",\"position\":1,\"name\":\"Prestations et produits\",\"item\":\"https:\/\/sylas.com\/fr\/prestations-et-produits\/\"},{\"@type\":\"ListItem\",\"position\":2,\"name\":\"Job shop : polissage de lots de composants clients sur base d\u2019offre forfaitaire\"}]},{\"@type\":\"WebSite\",\"@id\":\"https:\/\/sylas.com\/fr\/#website\",\"url\":\"https:\/\/sylas.com\/fr\/\",\"name\":\"SYLAS\u00ae\",\"description\":\"\",\"publisher\":{\"@id\":\"https:\/\/sylas.com\/fr\/#organization\"},\"potentialAction\":[{\"@type\":\"SearchAction\",\"target\":{\"@type\":\"EntryPoint\",\"urlTemplate\":\"https:\/\/sylas.com\/fr\/?s={search_term_string}\"},\"query-input\":{\"@type\":\"PropertyValueSpecification\",\"valueRequired\":true,\"valueName\":\"search_term_string\"}}],\"inLanguage\":\"fr-FR\"},{\"@type\":\"Organization\",\"@id\":\"https:\/\/sylas.com\/fr\/#organization\",\"name\":\"SYLAS SA\",\"url\":\"https:\/\/sylas.com\/fr\/\",\"logo\":{\"@type\":\"ImageObject\",\"inLanguage\":\"fr-FR\",\"@id\":\"https:\/\/sylas.com\/fr\/#\/schema\/logo\/image\/\",\"url\":\"https:\/\/sylas.com\/wp-content\/uploads\/2020\/01\/Logo-Sylas-Laser-Systems@2x.png\",\"contentUrl\":\"https:\/\/sylas.com\/wp-content\/uploads\/2020\/01\/Logo-Sylas-Laser-Systems@2x.png\",\"width\":310,\"height\":160,\"caption\":\"SYLAS SA\"},\"image\":{\"@id\":\"https:\/\/sylas.com\/fr\/#\/schema\/logo\/image\/\"}}]}<\/script>\n<!-- \/ Yoast SEO plugin. -->","yoast_head_json":{"title":"Job shop : polissage de lots de composants clients sur base d\u2019offre forfaitaire - SYLAS\u00ae","robots":{"index":"index","follow":"follow","max-snippet":"max-snippet:-1","max-image-preview":"max-image-preview:large","max-video-preview":"max-video-preview:-1"},"canonical":"https:\/\/sylas.com\/fr\/prestations-et-produits\/job-shop-polissage-de-lots-de-composants-clients-sur-base-d-offre-forfaitaire\/","og_locale":"fr_FR","og_type":"article","og_title":"Job shop : polissage de lots de composants clients sur base d\u2019offre forfaitaire - SYLAS\u00ae","og_description":"[vc_row][vc_column width=\u00a0\u00bb2\/3&Prime; offset=\u00a0\u00bbvc_col-lg-offset-2&Prime;][\/vc_column][\/vc_row][vc_row css=\u00a0\u00bb.vc_custom_1582880383446{margin-top: 75px !important;}\u00a0\u00bb][vc_column width=\u00a0\u00bb1\/3&Prime;][\/vc_column][vc_column width=\u00a0\u00bb1\/3&Prime;][\/vc_column][vc_column width=\u00a0\u00bb1\/3&Prime;][\/vc_column][\/vc_row][vc_row][vc_column][vc_column_text] Exemples de pi\u00e8ces que nous pourrions polir pour vous dans notre atelier. [\/vc_column_text][\/vc_column][\/vc_row]","og_url":"https:\/\/sylas.com\/fr\/prestations-et-produits\/job-shop-polissage-de-lots-de-composants-clients-sur-base-d-offre-forfaitaire\/","og_site_name":"SYLAS\u00ae","article_modified_time":"2020-03-26T15:32:23+00:00","twitter_card":"summary_large_image","twitter_misc":{"Dur\u00e9e de lecture estim\u00e9e":"1 minute"},"schema":{"@context":"https:\/\/schema.org","@graph":[{"@type":"WebPage","@id":"https:\/\/sylas.com\/fr\/prestations-et-produits\/job-shop-polissage-de-lots-de-composants-clients-sur-base-d-offre-forfaitaire\/","url":"https:\/\/sylas.com\/fr\/prestations-et-produits\/job-shop-polissage-de-lots-de-composants-clients-sur-base-d-offre-forfaitaire\/","name":"Job shop : polissage de lots de composants clients sur base d\u2019offre forfaitaire - SYLAS\u00ae","isPartOf":{"@id":"https:\/\/sylas.com\/fr\/#website"},"datePublished":"2020-01-27T16:50:29+00:00","dateModified":"2020-03-26T15:32:23+00:00","breadcrumb":{"@id":"https:\/\/sylas.com\/fr\/prestations-et-produits\/job-shop-polissage-de-lots-de-composants-clients-sur-base-d-offre-forfaitaire\/#breadcrumb"},"inLanguage":"fr-FR","potentialAction":[{"@type":"ReadAction","target":["https:\/\/sylas.com\/fr\/prestations-et-produits\/job-shop-polissage-de-lots-de-composants-clients-sur-base-d-offre-forfaitaire\/"]}]},{"@type":"BreadcrumbList","@id":"https:\/\/sylas.com\/fr\/prestations-et-produits\/job-shop-polissage-de-lots-de-composants-clients-sur-base-d-offre-forfaitaire\/#breadcrumb","itemListElement":[{"@type":"ListItem","position":1,"name":"Prestations et produits","item":"https:\/\/sylas.com\/fr\/prestations-et-produits\/"},{"@type":"ListItem","position":2,"name":"Job shop : polissage de lots de composants clients sur base d\u2019offre forfaitaire"}]},{"@type":"WebSite","@id":"https:\/\/sylas.com\/fr\/#website","url":"https:\/\/sylas.com\/fr\/","name":"SYLAS\u00ae","description":"","publisher":{"@id":"https:\/\/sylas.com\/fr\/#organization"},"potentialAction":[{"@type":"SearchAction","target":{"@type":"EntryPoint","urlTemplate":"https:\/\/sylas.com\/fr\/?s={search_term_string}"},"query-input":{"@type":"PropertyValueSpecification","valueRequired":true,"valueName":"search_term_string"}}],"inLanguage":"fr-FR"},{"@type":"Organization","@id":"https:\/\/sylas.com\/fr\/#organization","name":"SYLAS SA","url":"https:\/\/sylas.com\/fr\/","logo":{"@type":"ImageObject","inLanguage":"fr-FR","@id":"https:\/\/sylas.com\/fr\/#\/schema\/logo\/image\/","url":"https:\/\/sylas.com\/wp-content\/uploads\/2020\/01\/Logo-Sylas-Laser-Systems@2x.png","contentUrl":"https:\/\/sylas.com\/wp-content\/uploads\/2020\/01\/Logo-Sylas-Laser-Systems@2x.png","width":310,"height":160,"caption":"SYLAS SA"},"image":{"@id":"https:\/\/sylas.com\/fr\/#\/schema\/logo\/image\/"}}]}},"_links":{"self":[{"href":"https:\/\/sylas.com\/fr\/wp-json\/wp\/v2\/pages\/2690","targetHints":{"allow":["GET"]}}],"collection":[{"href":"https:\/\/sylas.com\/fr\/wp-json\/wp\/v2\/pages"}],"about":[{"href":"https:\/\/sylas.com\/fr\/wp-json\/wp\/v2\/types\/page"}],"author":[{"embeddable":true,"href":"https:\/\/sylas.com\/fr\/wp-json\/wp\/v2\/users\/1"}],"replies":[{"embeddable":true,"href":"https:\/\/sylas.com\/fr\/wp-json\/wp\/v2\/comments?post=2690"}],"version-history":[{"count":5,"href":"https:\/\/sylas.com\/fr\/wp-json\/wp\/v2\/pages\/2690\/revisions"}],"predecessor-version":[{"id":3133,"href":"https:\/\/sylas.com\/fr\/wp-json\/wp\/v2\/pages\/2690\/revisions\/3133"}],"up":[{"embeddable":true,"href":"https:\/\/sylas.com\/fr\/wp-json\/wp\/v2\/pages\/2686"}],"wp:attachment":[{"href":"https:\/\/sylas.com\/fr\/wp-json\/wp\/v2\/media?parent=2690"}],"curies":[{"name":"wp","href":"https:\/\/api.w.org\/{rel}","templated":true}]}}