{"id":2688,"date":"2020-01-27T17:49:53","date_gmt":"2020-01-27T16:49:53","guid":{"rendered":"http:\/\/sylas.com\/?page_id=2688"},"modified":"2020-04-21T16:40:40","modified_gmt":"2020-04-21T14:40:40","slug":"consulting-et-essais-traitement-de-surface-3d-par-laser","status":"publish","type":"page","link":"https:\/\/sylas.com\/fr\/prestations-et-produits\/consulting-et-essais-traitement-de-surface-3d-par-laser\/","title":{"rendered":"Consulting et essais : traitement de surface 3D par laser"},"content":{"rendered":"<p>[vc_row gap=\u00a0\u00bb30&Prime;][vc_column width=\u00a0\u00bb7\/12&Prime;]<div class=\"zozo-parallax-header cdev_left wpb_animate_when_almost_visible wpb_bottom-to-top\"><div class=\"parallax-header content-style-default\"><h2 class=\"parallax-title text-left\">Mat\u00e9riaux <span class=\"title-suffix\">polissables par laser<\/span><\/h2><div class=\"parallax-desc default-style text-left\"><p><strong>SYLAS<\/strong> ma\u00eetrise actuellement le <strong>polissage par laser de nombreux mat\u00e9riaux<\/strong> :<\/p>\n<ul>\n<li>Pour les composants usin\u00e9s de mani\u00e8re conventionnelle : <strong>Titane, Chrome-Cobalt, Inox 316L<\/strong>.<\/li>\n<li>Pour les composants \u00e9lectro-\u00e9rod\u00e9s (EDM) : <strong>Acier Inox de qualit\u00e9 ESU de type 1.2083, 1.2343 ou 1.2344<\/strong>.<\/li>\n<li>Pour les composants r\u00e9alis\u00e9s par fabrication additive : <strong>Titane, Maraging<\/strong>.<\/li>\n<\/ul>\n<\/div><\/div><\/div><div class=\" vc_custom_1586243523878 ubtn-ctn-center cdev_button\"><a class=\"ubtn-link ult-adjust-bottom-margin ubtn-center ubtn-normal cdev_button\" href=\"https:\/\/sylas.com\/fr\/savoir-faire\/polissage-laser-3d-selectif\/\" title=\"Machine de polissage 3D Sylas Poli1000 : semi ou totalement automatis\u00e9e\" ><button type=\"button\" id=\"ubtn-6508\"  class=\"ubtn ult-adjust-bottom-margin ult-responsive ubtn-normal ubtn-no-hover-bg  none  ubtn-center   tooltip-69e2185707ae0\"  data-hover=\"#000000\" data-border-color=\"\" data-bg=\"#e0e0e0\" data-hover-bg=\"\" data-border-hover=\"\" data-shadow-hover=\"\" data-shadow-click=\"none\" data-shadow=\"\" data-shd-shadow=\"\"  data-ultimate-target='#ubtn-6508'  data-responsive-json-new='{\"font-size\":\"\",\"line-height\":\"\"}'  style=\"font-weight:normal;border:none;background: #e0e0e0;color: #ffffff;\"><span class=\"ubtn-hover\" style=\"background-color:\"><\/span><span class=\"ubtn-data ubtn-text \" >En savoir plus sur le polissage s\u00e9lectif par laser<\/span><\/button><\/a><\/div>[\/vc_column][vc_column width=\u00a0\u00bb5\/12&Prime;][vc_single_image image=\u00a0\u00bb2872&Prime; img_size=\u00a0\u00bbfull\u00a0\u00bb alignment=\u00a0\u00bbright\u00a0\u00bb][\/vc_column][\/vc_row][vc_row gap=\u00a0\u00bb30&Prime; css=\u00a0\u00bb.vc_custom_1582877599682{margin-top: 100px !important;}\u00a0\u00bb][vc_column width=\u00a0\u00bb5\/12&Prime;][vc_single_image image=\u00a0\u00bb2874&Prime; img_size=\u00a0\u00bbfull\u00a0\u00bb][\/vc_column][vc_column width=\u00a0\u00bb7\/12&Prime;]<div class=\"zozo-parallax-header cdev_left wpb_animate_when_almost_visible wpb_bottom-to-top\"><div class=\"parallax-header content-style-default\"><h2 class=\"parallax-title text-left\">Ma\u00eetrise du processus de <span class=\"title-suffix\">polissage<\/span><\/h2><div class=\"parallax-desc default-style text-left\"><p><strong>SYLAS<\/strong> accro\u00eet sans cesse ses connaissances et sa ma\u00eetrise du <strong>processus de polissage par laser<\/strong>, notamment en prenant en compte les besoins et les cas nouveaux soumis par ses clients. Si votre mat\u00e9riau ne se trouve pas dans la liste ci-dessus, n\u2019h\u00e9sitez donc pas \u00e0 prendre contact avec nous.<\/p>\n<p>Nous vous indiquerons alors les opportunit\u00e9s qui s\u2019offrent \u00e0 votre application\u00a0; si celles-ci sont prometteuses nous effectuerons alors des essais de faisabilit\u00e9 sur les pi\u00e8ces que vous mettrez \u00e0 notre disposition.<\/p>\n<\/div><\/div><\/div><div class=\" vc_custom_1586243566171 ubtn-ctn-center cdev_button\"><a class=\"ubtn-link ult-adjust-bottom-margin ubtn-center ubtn-normal cdev_button\" href=\"https:\/\/sylas.com\/fr\/prestations-et-produits\/machine-de-polissage-3d-sylas-poli1000-semi-ou-totalement-automatisee\/\" title=\"Machine de polissage 3D Sylas Poli1000 : semi ou totalement automatis\u00e9e\" ><button type=\"button\" id=\"ubtn-7420\"  class=\"ubtn ult-adjust-bottom-margin ult-responsive ubtn-normal ubtn-no-hover-bg  none  ubtn-center   tooltip-69e2185707c27\"  data-hover=\"#000000\" data-border-color=\"\" data-bg=\"#e0e0e0\" data-hover-bg=\"\" data-border-hover=\"\" data-shadow-hover=\"\" data-shadow-click=\"none\" data-shadow=\"\" data-shd-shadow=\"\"  data-ultimate-target='#ubtn-7420'  data-responsive-json-new='{\"font-size\":\"\",\"line-height\":\"\"}'  style=\"font-weight:normal;border:none;background: #e0e0e0;color: #ffffff;\"><span class=\"ubtn-hover\" style=\"background-color:\"><\/span><span class=\"ubtn-data ubtn-text \" >D\u00e9couvrir la machine de polissage laser<\/span><\/button><\/a><\/div>[\/vc_column][\/vc_row]<\/p>\n","protected":false},"excerpt":{"rendered":"<p>[vc_row gap=\u00a0\u00bb30&Prime;][vc_column width=\u00a0\u00bb7\/12&Prime;][\/vc_column][vc_column width=\u00a0\u00bb5\/12&Prime;][vc_single_image image=\u00a0\u00bb2872&Prime; img_size=\u00a0\u00bbfull\u00a0\u00bb alignment=\u00a0\u00bbright\u00a0\u00bb][\/vc_column][\/vc_row][vc_row gap=\u00a0\u00bb30&Prime; css=\u00a0\u00bb.vc_custom_1582877599682{margin-top: 100px !important;}\u00a0\u00bb][vc_column width=\u00a0\u00bb5\/12&Prime;][vc_single_image image=\u00a0\u00bb2874&Prime; img_size=\u00a0\u00bbfull\u00a0\u00bb][\/vc_column][vc_column width=\u00a0\u00bb7\/12&Prime;][\/vc_column][\/vc_row]<\/p>\n","protected":false},"author":1,"featured_media":0,"parent":2686,"menu_order":0,"comment_status":"closed","ping_status":"closed","template":"","meta":{"footnotes":""},"class_list":["post-2688","page","type-page","status-publish","hentry"],"yoast_head":"<!-- This site is optimized with the Yoast SEO plugin v25.1 - https:\/\/yoast.com\/wordpress\/plugins\/seo\/ -->\n<title>Polissage laser pi\u00e8ce \u00e9lectro-\u00e9rod\u00e9e ou avant finition \u00e9lectrolytique - SYLAS\u00ae<\/title>\n<meta name=\"description\" content=\"Polissage laser de surfaces obtenues par \u00e9lectro-\u00e9rosion et de pi\u00e8ces \u00e9lectro-\u00e9rod\u00e9es. Pr\u00e9-polissage laser avant finition \u00e9lectrolytique des pi\u00e8ces en m\u00e9tal\" \/>\n<meta name=\"robots\" content=\"index, follow, max-snippet:-1, max-image-preview:large, max-video-preview:-1\" \/>\n<link rel=\"canonical\" href=\"https:\/\/sylas.com\/fr\/prestations-et-produits\/consulting-et-essais-traitement-de-surface-3d-par-laser\/\" \/>\n<meta property=\"og:locale\" content=\"fr_FR\" \/>\n<meta property=\"og:type\" content=\"article\" \/>\n<meta property=\"og:title\" content=\"Polissage laser pi\u00e8ce \u00e9lectro-\u00e9rod\u00e9e ou avant finition \u00e9lectrolytique - SYLAS\u00ae\" \/>\n<meta property=\"og:description\" content=\"Polissage laser de surfaces obtenues par \u00e9lectro-\u00e9rosion et de pi\u00e8ces \u00e9lectro-\u00e9rod\u00e9es. Pr\u00e9-polissage laser avant finition \u00e9lectrolytique des pi\u00e8ces en m\u00e9tal\" \/>\n<meta property=\"og:url\" content=\"https:\/\/sylas.com\/fr\/prestations-et-produits\/consulting-et-essais-traitement-de-surface-3d-par-laser\/\" \/>\n<meta property=\"og:site_name\" content=\"SYLAS\u00ae\" \/>\n<meta property=\"article:modified_time\" content=\"2020-04-21T14:40:40+00:00\" \/>\n<meta name=\"twitter:card\" content=\"summary_large_image\" \/>\n<meta name=\"twitter:label1\" content=\"Dur\u00e9e de lecture estim\u00e9e\" \/>\n\t<meta name=\"twitter:data1\" content=\"2 minutes\" \/>\n<script type=\"application\/ld+json\" class=\"yoast-schema-graph\">{\"@context\":\"https:\/\/schema.org\",\"@graph\":[{\"@type\":\"WebPage\",\"@id\":\"https:\/\/sylas.com\/fr\/prestations-et-produits\/consulting-et-essais-traitement-de-surface-3d-par-laser\/\",\"url\":\"https:\/\/sylas.com\/fr\/prestations-et-produits\/consulting-et-essais-traitement-de-surface-3d-par-laser\/\",\"name\":\"Polissage laser pi\u00e8ce \u00e9lectro-\u00e9rod\u00e9e ou avant finition \u00e9lectrolytique - SYLAS\u00ae\",\"isPartOf\":{\"@id\":\"https:\/\/sylas.com\/fr\/#website\"},\"datePublished\":\"2020-01-27T16:49:53+00:00\",\"dateModified\":\"2020-04-21T14:40:40+00:00\",\"description\":\"Polissage laser de surfaces obtenues par \u00e9lectro-\u00e9rosion et de pi\u00e8ces \u00e9lectro-\u00e9rod\u00e9es. Pr\u00e9-polissage laser avant finition \u00e9lectrolytique des pi\u00e8ces en m\u00e9tal\",\"breadcrumb\":{\"@id\":\"https:\/\/sylas.com\/fr\/prestations-et-produits\/consulting-et-essais-traitement-de-surface-3d-par-laser\/#breadcrumb\"},\"inLanguage\":\"fr-FR\",\"potentialAction\":[{\"@type\":\"ReadAction\",\"target\":[\"https:\/\/sylas.com\/fr\/prestations-et-produits\/consulting-et-essais-traitement-de-surface-3d-par-laser\/\"]}]},{\"@type\":\"BreadcrumbList\",\"@id\":\"https:\/\/sylas.com\/fr\/prestations-et-produits\/consulting-et-essais-traitement-de-surface-3d-par-laser\/#breadcrumb\",\"itemListElement\":[{\"@type\":\"ListItem\",\"position\":1,\"name\":\"Prestations et produits\",\"item\":\"https:\/\/sylas.com\/fr\/prestations-et-produits\/\"},{\"@type\":\"ListItem\",\"position\":2,\"name\":\"Consulting et essais : traitement de surface 3D par laser\"}]},{\"@type\":\"WebSite\",\"@id\":\"https:\/\/sylas.com\/fr\/#website\",\"url\":\"https:\/\/sylas.com\/fr\/\",\"name\":\"SYLAS\u00ae\",\"description\":\"\",\"publisher\":{\"@id\":\"https:\/\/sylas.com\/fr\/#organization\"},\"potentialAction\":[{\"@type\":\"SearchAction\",\"target\":{\"@type\":\"EntryPoint\",\"urlTemplate\":\"https:\/\/sylas.com\/fr\/?s={search_term_string}\"},\"query-input\":{\"@type\":\"PropertyValueSpecification\",\"valueRequired\":true,\"valueName\":\"search_term_string\"}}],\"inLanguage\":\"fr-FR\"},{\"@type\":\"Organization\",\"@id\":\"https:\/\/sylas.com\/fr\/#organization\",\"name\":\"SYLAS SA\",\"url\":\"https:\/\/sylas.com\/fr\/\",\"logo\":{\"@type\":\"ImageObject\",\"inLanguage\":\"fr-FR\",\"@id\":\"https:\/\/sylas.com\/fr\/#\/schema\/logo\/image\/\",\"url\":\"https:\/\/sylas.com\/wp-content\/uploads\/2020\/01\/Logo-Sylas-Laser-Systems@2x.png\",\"contentUrl\":\"https:\/\/sylas.com\/wp-content\/uploads\/2020\/01\/Logo-Sylas-Laser-Systems@2x.png\",\"width\":310,\"height\":160,\"caption\":\"SYLAS SA\"},\"image\":{\"@id\":\"https:\/\/sylas.com\/fr\/#\/schema\/logo\/image\/\"}}]}<\/script>\n<!-- \/ Yoast SEO plugin. -->","yoast_head_json":{"title":"Polissage laser pi\u00e8ce \u00e9lectro-\u00e9rod\u00e9e ou avant finition \u00e9lectrolytique - SYLAS\u00ae","description":"Polissage laser de surfaces obtenues par \u00e9lectro-\u00e9rosion et de pi\u00e8ces \u00e9lectro-\u00e9rod\u00e9es. Pr\u00e9-polissage laser avant finition \u00e9lectrolytique des pi\u00e8ces en m\u00e9tal","robots":{"index":"index","follow":"follow","max-snippet":"max-snippet:-1","max-image-preview":"max-image-preview:large","max-video-preview":"max-video-preview:-1"},"canonical":"https:\/\/sylas.com\/fr\/prestations-et-produits\/consulting-et-essais-traitement-de-surface-3d-par-laser\/","og_locale":"fr_FR","og_type":"article","og_title":"Polissage laser pi\u00e8ce \u00e9lectro-\u00e9rod\u00e9e ou avant finition \u00e9lectrolytique - SYLAS\u00ae","og_description":"Polissage laser de surfaces obtenues par \u00e9lectro-\u00e9rosion et de pi\u00e8ces \u00e9lectro-\u00e9rod\u00e9es. Pr\u00e9-polissage laser avant finition \u00e9lectrolytique des pi\u00e8ces en m\u00e9tal","og_url":"https:\/\/sylas.com\/fr\/prestations-et-produits\/consulting-et-essais-traitement-de-surface-3d-par-laser\/","og_site_name":"SYLAS\u00ae","article_modified_time":"2020-04-21T14:40:40+00:00","twitter_card":"summary_large_image","twitter_misc":{"Dur\u00e9e de lecture estim\u00e9e":"2 minutes"},"schema":{"@context":"https:\/\/schema.org","@graph":[{"@type":"WebPage","@id":"https:\/\/sylas.com\/fr\/prestations-et-produits\/consulting-et-essais-traitement-de-surface-3d-par-laser\/","url":"https:\/\/sylas.com\/fr\/prestations-et-produits\/consulting-et-essais-traitement-de-surface-3d-par-laser\/","name":"Polissage laser pi\u00e8ce \u00e9lectro-\u00e9rod\u00e9e ou avant finition \u00e9lectrolytique - SYLAS\u00ae","isPartOf":{"@id":"https:\/\/sylas.com\/fr\/#website"},"datePublished":"2020-01-27T16:49:53+00:00","dateModified":"2020-04-21T14:40:40+00:00","description":"Polissage laser de surfaces obtenues par \u00e9lectro-\u00e9rosion et de pi\u00e8ces \u00e9lectro-\u00e9rod\u00e9es. Pr\u00e9-polissage laser avant finition \u00e9lectrolytique des pi\u00e8ces en m\u00e9tal","breadcrumb":{"@id":"https:\/\/sylas.com\/fr\/prestations-et-produits\/consulting-et-essais-traitement-de-surface-3d-par-laser\/#breadcrumb"},"inLanguage":"fr-FR","potentialAction":[{"@type":"ReadAction","target":["https:\/\/sylas.com\/fr\/prestations-et-produits\/consulting-et-essais-traitement-de-surface-3d-par-laser\/"]}]},{"@type":"BreadcrumbList","@id":"https:\/\/sylas.com\/fr\/prestations-et-produits\/consulting-et-essais-traitement-de-surface-3d-par-laser\/#breadcrumb","itemListElement":[{"@type":"ListItem","position":1,"name":"Prestations et produits","item":"https:\/\/sylas.com\/fr\/prestations-et-produits\/"},{"@type":"ListItem","position":2,"name":"Consulting et essais : traitement de surface 3D par laser"}]},{"@type":"WebSite","@id":"https:\/\/sylas.com\/fr\/#website","url":"https:\/\/sylas.com\/fr\/","name":"SYLAS\u00ae","description":"","publisher":{"@id":"https:\/\/sylas.com\/fr\/#organization"},"potentialAction":[{"@type":"SearchAction","target":{"@type":"EntryPoint","urlTemplate":"https:\/\/sylas.com\/fr\/?s={search_term_string}"},"query-input":{"@type":"PropertyValueSpecification","valueRequired":true,"valueName":"search_term_string"}}],"inLanguage":"fr-FR"},{"@type":"Organization","@id":"https:\/\/sylas.com\/fr\/#organization","name":"SYLAS SA","url":"https:\/\/sylas.com\/fr\/","logo":{"@type":"ImageObject","inLanguage":"fr-FR","@id":"https:\/\/sylas.com\/fr\/#\/schema\/logo\/image\/","url":"https:\/\/sylas.com\/wp-content\/uploads\/2020\/01\/Logo-Sylas-Laser-Systems@2x.png","contentUrl":"https:\/\/sylas.com\/wp-content\/uploads\/2020\/01\/Logo-Sylas-Laser-Systems@2x.png","width":310,"height":160,"caption":"SYLAS SA"},"image":{"@id":"https:\/\/sylas.com\/fr\/#\/schema\/logo\/image\/"}}]}},"_links":{"self":[{"href":"https:\/\/sylas.com\/fr\/wp-json\/wp\/v2\/pages\/2688","targetHints":{"allow":["GET"]}}],"collection":[{"href":"https:\/\/sylas.com\/fr\/wp-json\/wp\/v2\/pages"}],"about":[{"href":"https:\/\/sylas.com\/fr\/wp-json\/wp\/v2\/types\/page"}],"author":[{"embeddable":true,"href":"https:\/\/sylas.com\/fr\/wp-json\/wp\/v2\/users\/1"}],"replies":[{"embeddable":true,"href":"https:\/\/sylas.com\/fr\/wp-json\/wp\/v2\/comments?post=2688"}],"version-history":[{"count":12,"href":"https:\/\/sylas.com\/fr\/wp-json\/wp\/v2\/pages\/2688\/revisions"}],"predecessor-version":[{"id":3366,"href":"https:\/\/sylas.com\/fr\/wp-json\/wp\/v2\/pages\/2688\/revisions\/3366"}],"up":[{"embeddable":true,"href":"https:\/\/sylas.com\/fr\/wp-json\/wp\/v2\/pages\/2686"}],"wp:attachment":[{"href":"https:\/\/sylas.com\/fr\/wp-json\/wp\/v2\/media?parent=2688"}],"curies":[{"name":"wp","href":"https:\/\/api.w.org\/{rel}","templated":true}]}}