{"id":2684,"date":"2020-01-27T17:48:43","date_gmt":"2020-01-27T16:48:43","guid":{"rendered":"http:\/\/sylas.com\/?page_id=2684"},"modified":"2020-04-28T11:42:09","modified_gmt":"2020-04-28T09:42:09","slug":"trempe-selective-par-laser","status":"publish","type":"page","link":"https:\/\/sylas.com\/fr\/savoir-faire\/trempe-selective-par-laser\/","title":{"rendered":"Trempe s\u00e9lective par laser"},"content":{"rendered":"<p>[vc_row center_row=\u00a0\u00bbyes\u00a0\u00bb css=\u00a0\u00bb.vc_custom_1582808161100{margin-bottom: 80px !important;padding-bottom: 0px !important;}\u00a0\u00bb][vc_column]<div class=\"zozo-parallax-header wpb_animate_when_almost_visible wpb_bottom-to-top\"><div class=\"parallax-header content-style-default\"><h2 class=\"parallax-title text-center\">Proc\u00e9d\u00e9 de la <span class=\"title-suffix\">trempe par laser<\/span><\/h2><div class=\"parallax-desc default-style text-center\"><p>Le proc\u00e9d\u00e9 de polissage par laser induit une <strong>refusion de la surface sur une profondeur de quelques dizaines de microns<\/strong>. Pour de nombreux mat\u00e9riaux, ce processus s\u2019accompagne par cons\u00e9quent d\u2019un <strong>ph\u00e9nom\u00e8ne de trempe en surface<\/strong>. Les sections \u00e0 traiter peuvent \u00eatre programm\u00e9es de la m\u00eame mani\u00e8re que pour le <a href=\"https:\/\/sylas.com\/fr\/savoir-faire\/polissage-laser-3d-selectif\/\">polissage laser<\/a>.<\/p>\n<\/div><\/div><\/div><div class=\" ubtn-ctn-center cdev_button\"><a class=\"ubtn-link ult-adjust-bottom-margin ubtn-center ubtn-normal cdev_button\" href=\"https:\/\/sylas.com\/fr\/prestations-et-produits\/machine-de-polissage-3d-sylas-poli1000-semi-ou-totalement-automatisee\/\" title=\"Machine de polissage 3D Sylas Poli1000 : semi ou totalement automatis\u00e9e\" ><button type=\"button\" id=\"ubtn-5887\"  class=\"ubtn ult-adjust-bottom-margin ult-responsive ubtn-normal ubtn-no-hover-bg  none  ubtn-center   tooltip-69e4c9d2b75ac\"  data-hover=\"#000000\" data-border-color=\"\" data-bg=\"#e0e0e0\" data-hover-bg=\"\" data-border-hover=\"\" data-shadow-hover=\"\" data-shadow-click=\"none\" data-shadow=\"\" data-shd-shadow=\"\"  data-ultimate-target='#ubtn-5887'  data-responsive-json-new='{\"font-size\":\"\",\"line-height\":\"\"}'  style=\"font-weight:normal;border:none;background: #e0e0e0;color: #ffffff;\"><span class=\"ubtn-hover\" style=\"background-color:\"><\/span><span class=\"ubtn-data ubtn-text \" >D\u00e9couvrir la machine de polissage laser<\/span><\/button><\/a><\/div>[\/vc_column][\/vc_row]<\/p>\n","protected":false},"excerpt":{"rendered":"<p>[vc_row center_row=\u00a0\u00bbyes\u00a0\u00bb css=\u00a0\u00bb.vc_custom_1582808161100{margin-bottom: 80px !important;padding-bottom: 0px !important;}\u00a0\u00bb][vc_column][\/vc_column][\/vc_row]<\/p>\n","protected":false},"author":1,"featured_media":0,"parent":2678,"menu_order":0,"comment_status":"closed","ping_status":"closed","template":"","meta":{"footnotes":""},"class_list":["post-2684","page","type-page","status-publish","hentry"],"yoast_head":"<!-- This site is optimized with the Yoast SEO plugin v25.1 - https:\/\/yoast.com\/wordpress\/plugins\/seo\/ -->\n<title>Trempe s\u00e9lective par laser - SYLAS\u00ae<\/title>\n<meta name=\"robots\" content=\"index, follow, max-snippet:-1, max-image-preview:large, max-video-preview:-1\" \/>\n<link rel=\"canonical\" href=\"https:\/\/sylas.com\/fr\/savoir-faire\/trempe-selective-par-laser\/\" \/>\n<meta property=\"og:locale\" content=\"fr_FR\" \/>\n<meta property=\"og:type\" content=\"article\" \/>\n<meta property=\"og:title\" content=\"Trempe s\u00e9lective par laser - SYLAS\u00ae\" \/>\n<meta property=\"og:description\" content=\"[vc_row center_row=\u00a0\u00bbyes\u00a0\u00bb css=\u00a0\u00bb.vc_custom_1582808161100{margin-bottom: 80px !important;padding-bottom: 0px !important;}\u00a0\u00bb][vc_column][\/vc_column][\/vc_row]\" \/>\n<meta property=\"og:url\" content=\"https:\/\/sylas.com\/fr\/savoir-faire\/trempe-selective-par-laser\/\" \/>\n<meta property=\"og:site_name\" content=\"SYLAS\u00ae\" \/>\n<meta property=\"article:modified_time\" content=\"2020-04-28T09:42:09+00:00\" \/>\n<meta name=\"twitter:card\" content=\"summary_large_image\" \/>\n<meta name=\"twitter:label1\" content=\"Dur\u00e9e de lecture estim\u00e9e\" \/>\n\t<meta name=\"twitter:data1\" content=\"1 minute\" \/>\n<script type=\"application\/ld+json\" class=\"yoast-schema-graph\">{\"@context\":\"https:\/\/schema.org\",\"@graph\":[{\"@type\":\"WebPage\",\"@id\":\"https:\/\/sylas.com\/fr\/savoir-faire\/trempe-selective-par-laser\/\",\"url\":\"https:\/\/sylas.com\/fr\/savoir-faire\/trempe-selective-par-laser\/\",\"name\":\"Trempe s\u00e9lective par laser - SYLAS\u00ae\",\"isPartOf\":{\"@id\":\"https:\/\/sylas.com\/fr\/#website\"},\"datePublished\":\"2020-01-27T16:48:43+00:00\",\"dateModified\":\"2020-04-28T09:42:09+00:00\",\"breadcrumb\":{\"@id\":\"https:\/\/sylas.com\/fr\/savoir-faire\/trempe-selective-par-laser\/#breadcrumb\"},\"inLanguage\":\"fr-FR\",\"potentialAction\":[{\"@type\":\"ReadAction\",\"target\":[\"https:\/\/sylas.com\/fr\/savoir-faire\/trempe-selective-par-laser\/\"]}]},{\"@type\":\"BreadcrumbList\",\"@id\":\"https:\/\/sylas.com\/fr\/savoir-faire\/trempe-selective-par-laser\/#breadcrumb\",\"itemListElement\":[{\"@type\":\"ListItem\",\"position\":1,\"name\":\"Savoir-Faire\",\"item\":\"https:\/\/sylas.com\/fr\/savoir-faire\/\"},{\"@type\":\"ListItem\",\"position\":2,\"name\":\"Trempe s\u00e9lective par laser\"}]},{\"@type\":\"WebSite\",\"@id\":\"https:\/\/sylas.com\/fr\/#website\",\"url\":\"https:\/\/sylas.com\/fr\/\",\"name\":\"SYLAS\u00ae\",\"description\":\"\",\"publisher\":{\"@id\":\"https:\/\/sylas.com\/fr\/#organization\"},\"potentialAction\":[{\"@type\":\"SearchAction\",\"target\":{\"@type\":\"EntryPoint\",\"urlTemplate\":\"https:\/\/sylas.com\/fr\/?s={search_term_string}\"},\"query-input\":{\"@type\":\"PropertyValueSpecification\",\"valueRequired\":true,\"valueName\":\"search_term_string\"}}],\"inLanguage\":\"fr-FR\"},{\"@type\":\"Organization\",\"@id\":\"https:\/\/sylas.com\/fr\/#organization\",\"name\":\"SYLAS SA\",\"url\":\"https:\/\/sylas.com\/fr\/\",\"logo\":{\"@type\":\"ImageObject\",\"inLanguage\":\"fr-FR\",\"@id\":\"https:\/\/sylas.com\/fr\/#\/schema\/logo\/image\/\",\"url\":\"https:\/\/sylas.com\/wp-content\/uploads\/2020\/01\/Logo-Sylas-Laser-Systems@2x.png\",\"contentUrl\":\"https:\/\/sylas.com\/wp-content\/uploads\/2020\/01\/Logo-Sylas-Laser-Systems@2x.png\",\"width\":310,\"height\":160,\"caption\":\"SYLAS SA\"},\"image\":{\"@id\":\"https:\/\/sylas.com\/fr\/#\/schema\/logo\/image\/\"}}]}<\/script>\n<!-- \/ Yoast SEO plugin. -->","yoast_head_json":{"title":"Trempe s\u00e9lective par laser - SYLAS\u00ae","robots":{"index":"index","follow":"follow","max-snippet":"max-snippet:-1","max-image-preview":"max-image-preview:large","max-video-preview":"max-video-preview:-1"},"canonical":"https:\/\/sylas.com\/fr\/savoir-faire\/trempe-selective-par-laser\/","og_locale":"fr_FR","og_type":"article","og_title":"Trempe s\u00e9lective par laser - SYLAS\u00ae","og_description":"[vc_row center_row=\u00a0\u00bbyes\u00a0\u00bb css=\u00a0\u00bb.vc_custom_1582808161100{margin-bottom: 80px !important;padding-bottom: 0px !important;}\u00a0\u00bb][vc_column][\/vc_column][\/vc_row]","og_url":"https:\/\/sylas.com\/fr\/savoir-faire\/trempe-selective-par-laser\/","og_site_name":"SYLAS\u00ae","article_modified_time":"2020-04-28T09:42:09+00:00","twitter_card":"summary_large_image","twitter_misc":{"Dur\u00e9e de lecture estim\u00e9e":"1 minute"},"schema":{"@context":"https:\/\/schema.org","@graph":[{"@type":"WebPage","@id":"https:\/\/sylas.com\/fr\/savoir-faire\/trempe-selective-par-laser\/","url":"https:\/\/sylas.com\/fr\/savoir-faire\/trempe-selective-par-laser\/","name":"Trempe s\u00e9lective par laser - SYLAS\u00ae","isPartOf":{"@id":"https:\/\/sylas.com\/fr\/#website"},"datePublished":"2020-01-27T16:48:43+00:00","dateModified":"2020-04-28T09:42:09+00:00","breadcrumb":{"@id":"https:\/\/sylas.com\/fr\/savoir-faire\/trempe-selective-par-laser\/#breadcrumb"},"inLanguage":"fr-FR","potentialAction":[{"@type":"ReadAction","target":["https:\/\/sylas.com\/fr\/savoir-faire\/trempe-selective-par-laser\/"]}]},{"@type":"BreadcrumbList","@id":"https:\/\/sylas.com\/fr\/savoir-faire\/trempe-selective-par-laser\/#breadcrumb","itemListElement":[{"@type":"ListItem","position":1,"name":"Savoir-Faire","item":"https:\/\/sylas.com\/fr\/savoir-faire\/"},{"@type":"ListItem","position":2,"name":"Trempe s\u00e9lective par laser"}]},{"@type":"WebSite","@id":"https:\/\/sylas.com\/fr\/#website","url":"https:\/\/sylas.com\/fr\/","name":"SYLAS\u00ae","description":"","publisher":{"@id":"https:\/\/sylas.com\/fr\/#organization"},"potentialAction":[{"@type":"SearchAction","target":{"@type":"EntryPoint","urlTemplate":"https:\/\/sylas.com\/fr\/?s={search_term_string}"},"query-input":{"@type":"PropertyValueSpecification","valueRequired":true,"valueName":"search_term_string"}}],"inLanguage":"fr-FR"},{"@type":"Organization","@id":"https:\/\/sylas.com\/fr\/#organization","name":"SYLAS SA","url":"https:\/\/sylas.com\/fr\/","logo":{"@type":"ImageObject","inLanguage":"fr-FR","@id":"https:\/\/sylas.com\/fr\/#\/schema\/logo\/image\/","url":"https:\/\/sylas.com\/wp-content\/uploads\/2020\/01\/Logo-Sylas-Laser-Systems@2x.png","contentUrl":"https:\/\/sylas.com\/wp-content\/uploads\/2020\/01\/Logo-Sylas-Laser-Systems@2x.png","width":310,"height":160,"caption":"SYLAS SA"},"image":{"@id":"https:\/\/sylas.com\/fr\/#\/schema\/logo\/image\/"}}]}},"_links":{"self":[{"href":"https:\/\/sylas.com\/fr\/wp-json\/wp\/v2\/pages\/2684","targetHints":{"allow":["GET"]}}],"collection":[{"href":"https:\/\/sylas.com\/fr\/wp-json\/wp\/v2\/pages"}],"about":[{"href":"https:\/\/sylas.com\/fr\/wp-json\/wp\/v2\/types\/page"}],"author":[{"embeddable":true,"href":"https:\/\/sylas.com\/fr\/wp-json\/wp\/v2\/users\/1"}],"replies":[{"embeddable":true,"href":"https:\/\/sylas.com\/fr\/wp-json\/wp\/v2\/comments?post=2684"}],"version-history":[{"count":9,"href":"https:\/\/sylas.com\/fr\/wp-json\/wp\/v2\/pages\/2684\/revisions"}],"predecessor-version":[{"id":3413,"href":"https:\/\/sylas.com\/fr\/wp-json\/wp\/v2\/pages\/2684\/revisions\/3413"}],"up":[{"embeddable":true,"href":"https:\/\/sylas.com\/fr\/wp-json\/wp\/v2\/pages\/2678"}],"wp:attachment":[{"href":"https:\/\/sylas.com\/fr\/wp-json\/wp\/v2\/media?parent=2684"}],"curies":[{"name":"wp","href":"https:\/\/api.w.org\/{rel}","templated":true}]}}