{"id":2682,"date":"2020-01-27T17:48:11","date_gmt":"2020-01-27T16:48:11","guid":{"rendered":"http:\/\/sylas.com\/?page_id=2682"},"modified":"2020-04-21T16:59:22","modified_gmt":"2020-04-21T14:59:22","slug":"polissage-laser-3d-pour-la-fabrication-additive-metallique","status":"publish","type":"page","link":"https:\/\/sylas.com\/fr\/savoir-faire\/polissage-laser-3d-pour-la-fabrication-additive-metallique\/","title":{"rendered":"Polissage laser 3D pour la fabrication additive m\u00e9tallique"},"content":{"rendered":"<p>[vc_row gap=\u00a0\u00bb30&Prime; el_class=\u00a0\u00bbcdev_no_title_before\u00a0\u00bb][vc_column width=\u00a0\u00bb5\/12&Prime;]<div class=\"zozo-parallax-header cdev_left wpb_animate_when_almost_visible wpb_bottom-to-top\"><div class=\"parallax-header content-style-default\"><h2 class=\"parallax-title text-left\">Application en <span class=\"title-suffix\">fabrication additive<\/span><\/h2><div class=\"parallax-desc default-style text-left\"><p>Le <strong>polissage laser des composants r\u00e9alis\u00e9s par fabrication additive<\/strong> s\u2019appuie sur les m\u00eames principes que ceux utilis\u00e9s pour le polissage laser de composants fabriqu\u00e9s de mani\u00e8re conventionnelle.<\/p>\n<\/div><\/div><\/div><div class=\"zozo-parallax-header cdev_left wpb_animate_when_almost_visible wpb_bottom-to-top\"><div class=\"parallax-header content-style-default\"><h3 class=\"parallax-title text-left\">Sp\u00e9cificit\u00e9s pour la <span class=\"title-suffix\">fabrication additive m\u00e9tallique<\/span><\/h3><div class=\"parallax-desc default-style text-left\"><p>Le <strong>polissage de composants r\u00e9alis\u00e9s par fabrication additive m\u00e9tallique<\/strong> se caract\u00e9rise par des valeurs de rugosit\u00e9 initiale, Ra et Rz, bien sup\u00e9rieures \u00e0 ce que l\u2019on rencontre usuellement pour les composants fabriqu\u00e9s de mani\u00e8re conventionnelle (pi\u00e8ces usin\u00e9es ou \u00e9lectro-\u00e9rod\u00e9es). Le polissage par laser s\u2019av\u00e8re alors particuli\u00e8rement efficace : il permet en effet de remplir les cavit\u00e9s profondes avec la mati\u00e8re provenant de la fusion des pics adjacents.<\/p>\n<\/div><\/div><\/div><div class=\"zozo-parallax-header cdev_left wpb_animate_when_almost_visible wpb_bottom-to-top\"><div class=\"parallax-header content-style-default\"><h3 class=\"parallax-title text-left\">Avantages du <span class=\"title-suffix\">polissage laser<\/span><\/h3><div class=\"parallax-desc default-style text-left\"><p>Le <strong>polissage laser pr\u00e9sente de nombreux avantages pour les mat\u00e9riaux m\u00e9talliques difficiles \u00e0 polir<\/strong> par des techniques de polissage par contact (brosse, p\u00e2te ou micro-composants abrasifs).<\/p>\n<ul>\n<li>Le titane a tendance \u00e0 s\u2019enflammer lors d\u2019un polissage m\u00e9canique. Avec le polissage laser, le risque n\u2019existe pas et le gain de rugosit\u00e9 est de l\u2019ordre de 10.<\/li>\n<li>Le polissage m\u00e9canique de mat\u00e9riau dur est extr\u00eamement long. Le polissage laser est insensible \u00e0 la duret\u00e9 du mat\u00e9riau m\u00e9tallique et le gain de temps est extr\u00eamement important. L\u00e0 aussi, le gain de rugosit\u00e9 est de l\u2019ordre d\u2019un facteur 10.<\/li>\n<\/ul>\n<\/div><\/div><\/div>[\/vc_column][vc_column width=\u00a0\u00bb1\/12&Prime;][\/vc_column][vc_column width=\u00a0\u00bb6\/12&Prime;][vc_row_inner gap=\u00a0\u00bb35&Prime; el_class=\u00a0\u00bbcdev_circle_grid\u00a0\u00bb][vc_column_inner width=\u00a0\u00bb1\/2&Prime; css_animation=\u00a0\u00bbleft-to-right\u00a0\u00bb css=\u00a0\u00bb.vc_custom_1580124508980{padding-top: 60px !important;}\u00a0\u00bb]<div class=\"zozo-feature-box feature-box-style style-info-box style-box-without-bg style-sep-yes  wpb_animate_when_almost_visible wpb_left-to-right clearfix\" id=\"feature-box-1\"><div class=\"grid-item\"><div class=\"grid-box-inner grid-text-right grid-box-exlarge grid-box-icon-circle grid-icon-shape grid-shape-circle\"><div class=\"grid-image-wrapper zozo-image-wrapper img-circle img-size-small\"><img loading=\"lazy\" decoding=\"async\" width=\"200\" height=\"200\" src=\"https:\/\/sylas.com\/wp-content\/uploads\/2020\/02\/surface-avant-polissage.jpg\" class=\"img-circle attachment-layer-theme-mid\" alt=\"Surface avant polissage\" title=\"Surface avant polissage\" \/><\/div><div class=\"grid-content-wrapper\"><div class=\"grid-desc text-center\" ><p>Exemple d&rsquo;une surface \u00e0 polir issue d\u2019un proc\u00e9d\u00e9 de fabrication additive.<\/p>\n<\/div><\/div><\/div><\/div><\/div>[\/vc_column_inner][vc_column_inner width=\u00a0\u00bb1\/2&Prime; css_animation=\u00a0\u00bbright-to-left\u00a0\u00bb css=\u00a0\u00bb.vc_custom_1580124541264{padding-top: 60px !important;}\u00a0\u00bb]<div class=\"zozo-feature-box feature-box-style style-info-box style-box-without-bg style-sep-yes  wpb_animate_when_almost_visible wpb_right-to-left clearfix\" id=\"feature-box-2\"><div class=\"grid-item\"><div class=\"grid-box-inner grid-text-left grid-box-exlarge grid-box-icon-circle grid-icon-shape grid-shape-circle\"><div class=\"grid-image-wrapper zozo-image-wrapper img-circle img-size-small\"><img loading=\"lazy\" decoding=\"async\" width=\"200\" height=\"200\" src=\"https:\/\/sylas.com\/wp-content\/uploads\/2020\/02\/surface-apres-polissage.jpg\" class=\"img-circle attachment-layer-theme-mid\" alt=\"Surface apr\u00e8s polissage\" title=\"Surface apr\u00e8s polissage\" \/><\/div><div class=\"grid-content-wrapper\"><div class=\"grid-desc text-center\" ><p>Exemple du r\u00e9sultat d\u2019un polissage de 2 heures dans une cuve de tribofinition \u2013 les creux n\u2019ont pas \u00e9t\u00e9 \u00e9limin\u00e9s. Le polissage par laser les auraient \u00e9limin\u00e9.<\/p>\n<\/div><\/div><\/div><\/div><\/div>[\/vc_column_inner][\/vc_row_inner][vc_row_inner gap=\u00a0\u00bb35&Prime; el_class=\u00a0\u00bbcdev_circle_grid\u00a0\u00bb][vc_column_inner width=\u00a0\u00bb1\/2&Prime; css_animation=\u00a0\u00bbleft-to-right\u00a0\u00bb css=\u00a0\u00bb.vc_custom_1580124521848{padding-top: 60px !important;}\u00a0\u00bb]<div class=\"zozo-feature-box feature-box-style style-info-box style-box-without-bg style-sep-yes  clearfix\" id=\"feature-box-3\"><div class=\"grid-item\"><div class=\"grid-box-inner grid-text-right grid-box-exlarge grid-box-icon-circle grid-icon-shape grid-shape-circle\"><div class=\"grid-image-wrapper zozo-image-wrapper img-circle img-size-small\"><img loading=\"lazy\" decoding=\"async\" width=\"200\" height=\"200\" src=\"https:\/\/sylas.com\/wp-content\/uploads\/2020\/02\/surface-avant-polissage-par-laser.jpg\" class=\"img-circle attachment-layer-theme-mid\" alt=\"surface avant polissage par laser\" title=\"surface avant polissage par laser\" \/><\/div><div class=\"grid-content-wrapper\"><div class=\"grid-desc text-center\" ><p>Surface courbe en maraging\u00a0 r\u00e9alis\u00e9e par fabrication additive avant le polissage.<\/p>\n<\/div><\/div><\/div><\/div><\/div>[\/vc_column_inner][vc_column_inner width=\u00a0\u00bb1\/2&Prime; css_animation=\u00a0\u00bbright-to-left\u00a0\u00bb css=\u00a0\u00bb.vc_custom_1580124548860{padding-top: 60px !important;}\u00a0\u00bb]<div class=\"zozo-feature-box feature-box-style style-info-box style-box-without-bg style-sep-yes  clearfix\" id=\"feature-box-4\"><div class=\"grid-item\"><div class=\"grid-box-inner grid-text-left grid-box-exlarge grid-box-icon-circle grid-icon-shape grid-shape-circle\"><div class=\"grid-image-wrapper zozo-image-wrapper img-circle img-size-small\"><img loading=\"lazy\" decoding=\"async\" width=\"200\" height=\"200\" src=\"https:\/\/sylas.com\/wp-content\/uploads\/2020\/02\/rugosite-avant-polissage.jpg\" class=\"img-circle attachment-layer-theme-mid\" alt=\"Rugosit\u00e9 avant polissage\" title=\"Rugosit\u00e9 avant polissage\" \/><\/div><div class=\"grid-content-wrapper\"><div class=\"grid-desc text-center\" ><p>Rugosit\u00e9 initiale de 9 microns avant le polissage.<\/p>\n<\/div><\/div><\/div><\/div><\/div>[\/vc_column_inner][\/vc_row_inner][vc_row_inner gap=\u00a0\u00bb35&Prime; el_class=\u00a0\u00bbcdev_circle_grid\u00a0\u00bb][vc_column_inner width=\u00a0\u00bb1\/2&Prime; css_animation=\u00a0\u00bbleft-to-right\u00a0\u00bb css=\u00a0\u00bb.vc_custom_1580124521848{padding-top: 60px !important;}\u00a0\u00bb]<div class=\"zozo-feature-box feature-box-style style-info-box style-box-without-bg style-sep-yes  clearfix\" id=\"feature-box-5\"><div class=\"grid-item\"><div class=\"grid-box-inner grid-text-right grid-box-exlarge grid-box-icon-circle grid-icon-shape grid-shape-circle\"><div class=\"grid-image-wrapper zozo-image-wrapper img-circle img-size-small\"><img loading=\"lazy\" decoding=\"async\" width=\"200\" height=\"200\" src=\"https:\/\/sylas.com\/wp-content\/uploads\/2020\/02\/surface-polie-par-laser.jpg\" class=\"img-circle attachment-layer-theme-mid\" alt=\"surface polie par laser\" title=\"surface polie par laser\" \/><\/div><div class=\"grid-content-wrapper\"><div class=\"grid-desc text-center\" ><p>La m\u00eame surface en maraging apr\u00e8s polissage par laser.<\/p>\n<\/div><\/div><\/div><\/div><\/div>[\/vc_column_inner][vc_column_inner width=\u00a0\u00bb1\/2&Prime; css_animation=\u00a0\u00bbright-to-left\u00a0\u00bb css=\u00a0\u00bb.vc_custom_1580124548860{padding-top: 60px !important;}\u00a0\u00bb]<div class=\"zozo-feature-box feature-box-style style-info-box style-box-without-bg style-sep-yes  clearfix\" id=\"feature-box-6\"><div class=\"grid-item\"><div class=\"grid-box-inner grid-text-left grid-box-exlarge grid-box-icon-circle grid-icon-shape grid-shape-circle\"><div class=\"grid-image-wrapper zozo-image-wrapper img-circle img-size-small\"><img loading=\"lazy\" decoding=\"async\" width=\"200\" height=\"200\" src=\"https:\/\/sylas.com\/wp-content\/uploads\/2020\/02\/rugosite-apres-polissage.jpg\" class=\"img-circle attachment-layer-theme-mid\" alt=\"Rugosit\u00e9 apr\u00e8s polissage\" title=\"Rugosit\u00e9 apr\u00e8s polissage\" \/><\/div><div class=\"grid-content-wrapper\"><div class=\"grid-desc text-center\" ><p>La surface polie par laser a une rugosit\u00e9 r\u00e9siduelle de 0,9 microns.<\/p>\n<\/div><\/div><\/div><\/div><\/div>[\/vc_column_inner][\/vc_row_inner][vc_row_inner][vc_column_inner]<div class=\" ubtn-ctn-center cdev_button\"><a class=\"ubtn-link ult-adjust-bottom-margin ubtn-center ubtn-normal cdev_button\" href=\"https:\/\/sylas.com\/fr\/prestations-et-produits\/machine-de-polissage-3d-sylas-poli1000-semi-ou-totalement-automatisee\/\" title=\"Machine de polissage 3D Sylas Poli1000 : semi ou totalement automatis\u00e9e\" ><button type=\"button\" id=\"ubtn-6116\"  class=\"ubtn ult-adjust-bottom-margin ult-responsive ubtn-normal ubtn-no-hover-bg  none  ubtn-center   tooltip-69e9f10d0319f\"  data-hover=\"#000000\" data-border-color=\"\" data-bg=\"#e0e0e0\" data-hover-bg=\"\" data-border-hover=\"\" data-shadow-hover=\"\" data-shadow-click=\"none\" data-shadow=\"\" data-shd-shadow=\"\"  data-ultimate-target='#ubtn-6116'  data-responsive-json-new='{\"font-size\":\"\",\"line-height\":\"\"}'  style=\"font-weight:normal;border:none;background: #e0e0e0;color: #ffffff;\"><span class=\"ubtn-hover\" style=\"background-color:\"><\/span><span class=\"ubtn-data ubtn-text \" >D\u00e9couvrir la machine de polissage laser<\/span><\/button><\/a><\/div>[\/vc_column_inner][\/vc_row_inner][\/vc_column][\/vc_row]<\/p>\n","protected":false},"excerpt":{"rendered":"<p>[vc_row gap=\u00a0\u00bb30&Prime; el_class=\u00a0\u00bbcdev_no_title_before\u00a0\u00bb][vc_column width=\u00a0\u00bb5\/12&Prime;][\/vc_column][vc_column width=\u00a0\u00bb1\/12&Prime;][\/vc_column][vc_column width=\u00a0\u00bb6\/12&Prime;][vc_row_inner gap=\u00a0\u00bb35&Prime; el_class=\u00a0\u00bbcdev_circle_grid\u00a0\u00bb][vc_column_inner width=\u00a0\u00bb1\/2&Prime; css_animation=\u00a0\u00bbleft-to-right\u00a0\u00bb css=\u00a0\u00bb.vc_custom_1580124508980{padding-top: 60px !important;}\u00a0\u00bb][\/vc_column_inner][vc_column_inner width=\u00a0\u00bb1\/2&Prime; css_animation=\u00a0\u00bbright-to-left\u00a0\u00bb css=\u00a0\u00bb.vc_custom_1580124541264{padding-top: 60px !important;}\u00a0\u00bb][\/vc_column_inner][\/vc_row_inner][vc_row_inner gap=\u00a0\u00bb35&Prime; el_class=\u00a0\u00bbcdev_circle_grid\u00a0\u00bb][vc_column_inner width=\u00a0\u00bb1\/2&Prime; css_animation=\u00a0\u00bbleft-to-right\u00a0\u00bb css=\u00a0\u00bb.vc_custom_1580124521848{padding-top: 60px !important;}\u00a0\u00bb][\/vc_column_inner][vc_column_inner width=\u00a0\u00bb1\/2&Prime; css_animation=\u00a0\u00bbright-to-left\u00a0\u00bb css=\u00a0\u00bb.vc_custom_1580124548860{padding-top: 60px !important;}\u00a0\u00bb][\/vc_column_inner][\/vc_row_inner][vc_row_inner gap=\u00a0\u00bb35&Prime; el_class=\u00a0\u00bbcdev_circle_grid\u00a0\u00bb][vc_column_inner width=\u00a0\u00bb1\/2&Prime; css_animation=\u00a0\u00bbleft-to-right\u00a0\u00bb css=\u00a0\u00bb.vc_custom_1580124521848{padding-top: 60px !important;}\u00a0\u00bb][\/vc_column_inner][vc_column_inner width=\u00a0\u00bb1\/2&Prime; css_animation=\u00a0\u00bbright-to-left\u00a0\u00bb css=\u00a0\u00bb.vc_custom_1580124548860{padding-top: 60px !important;}\u00a0\u00bb][\/vc_column_inner][\/vc_row_inner][vc_row_inner][vc_column_inner][\/vc_column_inner][\/vc_row_inner][\/vc_column][\/vc_row]<\/p>\n","protected":false},"author":1,"featured_media":0,"parent":2678,"menu_order":0,"comment_status":"closed","ping_status":"closed","template":"","meta":{"footnotes":""},"class_list":["post-2682","page","type-page","status-publish","hentry"],"yoast_head":"<!-- This site is optimized with the Yoast SEO plugin v25.1 - https:\/\/yoast.com\/wordpress\/plugins\/seo\/ -->\n<title>Polissage laser impression 3D m\u00e9tal \/ fabrication additive m\u00e9tallique - SYLAS\u00ae<\/title>\n<meta name=\"description\" content=\"Polissage laser pour fabrication additive m\u00e9tallique et impression 3d m\u00e9tal. Polissage de pi\u00e8ces m\u00e9talliques en fabrication additive et impression 3D m\u00e9tal.\" \/>\n<meta name=\"robots\" content=\"index, follow, max-snippet:-1, max-image-preview:large, max-video-preview:-1\" \/>\n<link rel=\"canonical\" href=\"https:\/\/sylas.com\/fr\/savoir-faire\/polissage-laser-3d-pour-la-fabrication-additive-metallique\/\" \/>\n<meta property=\"og:locale\" content=\"fr_FR\" \/>\n<meta property=\"og:type\" content=\"article\" \/>\n<meta property=\"og:title\" content=\"Polissage laser impression 3D m\u00e9tal \/ fabrication additive m\u00e9tallique - SYLAS\u00ae\" \/>\n<meta property=\"og:description\" content=\"Polissage laser pour fabrication additive m\u00e9tallique et impression 3d m\u00e9tal. Polissage de pi\u00e8ces m\u00e9talliques en fabrication additive et impression 3D m\u00e9tal.\" \/>\n<meta property=\"og:url\" content=\"https:\/\/sylas.com\/fr\/savoir-faire\/polissage-laser-3d-pour-la-fabrication-additive-metallique\/\" \/>\n<meta property=\"og:site_name\" content=\"SYLAS\u00ae\" \/>\n<meta property=\"article:modified_time\" content=\"2020-04-21T14:59:22+00:00\" \/>\n<meta name=\"twitter:card\" content=\"summary_large_image\" \/>\n<meta name=\"twitter:label1\" content=\"Dur\u00e9e de lecture estim\u00e9e\" \/>\n\t<meta name=\"twitter:data1\" content=\"5 minutes\" \/>\n<script type=\"application\/ld+json\" class=\"yoast-schema-graph\">{\"@context\":\"https:\/\/schema.org\",\"@graph\":[{\"@type\":\"WebPage\",\"@id\":\"https:\/\/sylas.com\/fr\/savoir-faire\/polissage-laser-3d-pour-la-fabrication-additive-metallique\/\",\"url\":\"https:\/\/sylas.com\/fr\/savoir-faire\/polissage-laser-3d-pour-la-fabrication-additive-metallique\/\",\"name\":\"Polissage laser impression 3D m\u00e9tal \/ fabrication additive m\u00e9tallique - SYLAS\u00ae\",\"isPartOf\":{\"@id\":\"https:\/\/sylas.com\/fr\/#website\"},\"datePublished\":\"2020-01-27T16:48:11+00:00\",\"dateModified\":\"2020-04-21T14:59:22+00:00\",\"description\":\"Polissage laser pour fabrication additive m\u00e9tallique et impression 3d m\u00e9tal. Polissage de pi\u00e8ces m\u00e9talliques en fabrication additive et impression 3D m\u00e9tal.\",\"breadcrumb\":{\"@id\":\"https:\/\/sylas.com\/fr\/savoir-faire\/polissage-laser-3d-pour-la-fabrication-additive-metallique\/#breadcrumb\"},\"inLanguage\":\"fr-FR\",\"potentialAction\":[{\"@type\":\"ReadAction\",\"target\":[\"https:\/\/sylas.com\/fr\/savoir-faire\/polissage-laser-3d-pour-la-fabrication-additive-metallique\/\"]}]},{\"@type\":\"BreadcrumbList\",\"@id\":\"https:\/\/sylas.com\/fr\/savoir-faire\/polissage-laser-3d-pour-la-fabrication-additive-metallique\/#breadcrumb\",\"itemListElement\":[{\"@type\":\"ListItem\",\"position\":1,\"name\":\"Savoir-Faire\",\"item\":\"https:\/\/sylas.com\/fr\/savoir-faire\/\"},{\"@type\":\"ListItem\",\"position\":2,\"name\":\"Polissage laser 3D pour la fabrication additive m\u00e9tallique\"}]},{\"@type\":\"WebSite\",\"@id\":\"https:\/\/sylas.com\/fr\/#website\",\"url\":\"https:\/\/sylas.com\/fr\/\",\"name\":\"SYLAS\u00ae\",\"description\":\"\",\"publisher\":{\"@id\":\"https:\/\/sylas.com\/fr\/#organization\"},\"potentialAction\":[{\"@type\":\"SearchAction\",\"target\":{\"@type\":\"EntryPoint\",\"urlTemplate\":\"https:\/\/sylas.com\/fr\/?s={search_term_string}\"},\"query-input\":{\"@type\":\"PropertyValueSpecification\",\"valueRequired\":true,\"valueName\":\"search_term_string\"}}],\"inLanguage\":\"fr-FR\"},{\"@type\":\"Organization\",\"@id\":\"https:\/\/sylas.com\/fr\/#organization\",\"name\":\"SYLAS SA\",\"url\":\"https:\/\/sylas.com\/fr\/\",\"logo\":{\"@type\":\"ImageObject\",\"inLanguage\":\"fr-FR\",\"@id\":\"https:\/\/sylas.com\/fr\/#\/schema\/logo\/image\/\",\"url\":\"https:\/\/sylas.com\/wp-content\/uploads\/2020\/01\/Logo-Sylas-Laser-Systems@2x.png\",\"contentUrl\":\"https:\/\/sylas.com\/wp-content\/uploads\/2020\/01\/Logo-Sylas-Laser-Systems@2x.png\",\"width\":310,\"height\":160,\"caption\":\"SYLAS SA\"},\"image\":{\"@id\":\"https:\/\/sylas.com\/fr\/#\/schema\/logo\/image\/\"}}]}<\/script>\n<!-- \/ Yoast SEO plugin. -->","yoast_head_json":{"title":"Polissage laser impression 3D m\u00e9tal \/ fabrication additive m\u00e9tallique - SYLAS\u00ae","description":"Polissage laser pour fabrication additive m\u00e9tallique et impression 3d m\u00e9tal. Polissage de pi\u00e8ces m\u00e9talliques en fabrication additive et impression 3D m\u00e9tal.","robots":{"index":"index","follow":"follow","max-snippet":"max-snippet:-1","max-image-preview":"max-image-preview:large","max-video-preview":"max-video-preview:-1"},"canonical":"https:\/\/sylas.com\/fr\/savoir-faire\/polissage-laser-3d-pour-la-fabrication-additive-metallique\/","og_locale":"fr_FR","og_type":"article","og_title":"Polissage laser impression 3D m\u00e9tal \/ fabrication additive m\u00e9tallique - SYLAS\u00ae","og_description":"Polissage laser pour fabrication additive m\u00e9tallique et impression 3d m\u00e9tal. Polissage de pi\u00e8ces m\u00e9talliques en fabrication additive et impression 3D m\u00e9tal.","og_url":"https:\/\/sylas.com\/fr\/savoir-faire\/polissage-laser-3d-pour-la-fabrication-additive-metallique\/","og_site_name":"SYLAS\u00ae","article_modified_time":"2020-04-21T14:59:22+00:00","twitter_card":"summary_large_image","twitter_misc":{"Dur\u00e9e de lecture estim\u00e9e":"5 minutes"},"schema":{"@context":"https:\/\/schema.org","@graph":[{"@type":"WebPage","@id":"https:\/\/sylas.com\/fr\/savoir-faire\/polissage-laser-3d-pour-la-fabrication-additive-metallique\/","url":"https:\/\/sylas.com\/fr\/savoir-faire\/polissage-laser-3d-pour-la-fabrication-additive-metallique\/","name":"Polissage laser impression 3D m\u00e9tal \/ fabrication additive m\u00e9tallique - SYLAS\u00ae","isPartOf":{"@id":"https:\/\/sylas.com\/fr\/#website"},"datePublished":"2020-01-27T16:48:11+00:00","dateModified":"2020-04-21T14:59:22+00:00","description":"Polissage laser pour fabrication additive m\u00e9tallique et impression 3d m\u00e9tal. Polissage de pi\u00e8ces m\u00e9talliques en fabrication additive et impression 3D m\u00e9tal.","breadcrumb":{"@id":"https:\/\/sylas.com\/fr\/savoir-faire\/polissage-laser-3d-pour-la-fabrication-additive-metallique\/#breadcrumb"},"inLanguage":"fr-FR","potentialAction":[{"@type":"ReadAction","target":["https:\/\/sylas.com\/fr\/savoir-faire\/polissage-laser-3d-pour-la-fabrication-additive-metallique\/"]}]},{"@type":"BreadcrumbList","@id":"https:\/\/sylas.com\/fr\/savoir-faire\/polissage-laser-3d-pour-la-fabrication-additive-metallique\/#breadcrumb","itemListElement":[{"@type":"ListItem","position":1,"name":"Savoir-Faire","item":"https:\/\/sylas.com\/fr\/savoir-faire\/"},{"@type":"ListItem","position":2,"name":"Polissage laser 3D pour la fabrication additive m\u00e9tallique"}]},{"@type":"WebSite","@id":"https:\/\/sylas.com\/fr\/#website","url":"https:\/\/sylas.com\/fr\/","name":"SYLAS\u00ae","description":"","publisher":{"@id":"https:\/\/sylas.com\/fr\/#organization"},"potentialAction":[{"@type":"SearchAction","target":{"@type":"EntryPoint","urlTemplate":"https:\/\/sylas.com\/fr\/?s={search_term_string}"},"query-input":{"@type":"PropertyValueSpecification","valueRequired":true,"valueName":"search_term_string"}}],"inLanguage":"fr-FR"},{"@type":"Organization","@id":"https:\/\/sylas.com\/fr\/#organization","name":"SYLAS SA","url":"https:\/\/sylas.com\/fr\/","logo":{"@type":"ImageObject","inLanguage":"fr-FR","@id":"https:\/\/sylas.com\/fr\/#\/schema\/logo\/image\/","url":"https:\/\/sylas.com\/wp-content\/uploads\/2020\/01\/Logo-Sylas-Laser-Systems@2x.png","contentUrl":"https:\/\/sylas.com\/wp-content\/uploads\/2020\/01\/Logo-Sylas-Laser-Systems@2x.png","width":310,"height":160,"caption":"SYLAS SA"},"image":{"@id":"https:\/\/sylas.com\/fr\/#\/schema\/logo\/image\/"}}]}},"_links":{"self":[{"href":"https:\/\/sylas.com\/fr\/wp-json\/wp\/v2\/pages\/2682","targetHints":{"allow":["GET"]}}],"collection":[{"href":"https:\/\/sylas.com\/fr\/wp-json\/wp\/v2\/pages"}],"about":[{"href":"https:\/\/sylas.com\/fr\/wp-json\/wp\/v2\/types\/page"}],"author":[{"embeddable":true,"href":"https:\/\/sylas.com\/fr\/wp-json\/wp\/v2\/users\/1"}],"replies":[{"embeddable":true,"href":"https:\/\/sylas.com\/fr\/wp-json\/wp\/v2\/comments?post=2682"}],"version-history":[{"count":30,"href":"https:\/\/sylas.com\/fr\/wp-json\/wp\/v2\/pages\/2682\/revisions"}],"predecessor-version":[{"id":3374,"href":"https:\/\/sylas.com\/fr\/wp-json\/wp\/v2\/pages\/2682\/revisions\/3374"}],"up":[{"embeddable":true,"href":"https:\/\/sylas.com\/fr\/wp-json\/wp\/v2\/pages\/2678"}],"wp:attachment":[{"href":"https:\/\/sylas.com\/fr\/wp-json\/wp\/v2\/media?parent=2682"}],"curies":[{"name":"wp","href":"https:\/\/api.w.org\/{rel}","templated":true}]}}