{"id":2680,"date":"2020-01-27T17:47:31","date_gmt":"2020-01-27T16:47:31","guid":{"rendered":"http:\/\/sylas.com\/?page_id=2680"},"modified":"2020-04-07T08:55:39","modified_gmt":"2020-04-07T06:55:39","slug":"polissage-laser-3d-selectif","status":"publish","type":"page","link":"https:\/\/sylas.com\/fr\/savoir-faire\/polissage-laser-3d-selectif\/","title":{"rendered":"Polissage laser 3D s\u00e9lectif"},"content":{"rendered":"<p>[vc_row gap=\u00a0\u00bb30&Prime;][vc_column width=\u00a0\u00bb6\/12&Prime;]<div class=\"zozo-parallax-header cdev_left wpb_animate_when_almost_visible wpb_bottom-to-top\"><div class=\"parallax-header content-style-default\"><h2 class=\"parallax-title text-left\">Proc\u00e9d\u00e9 du polissage par <span class=\"title-suffix\">laser<\/span><\/h2><div class=\"parallax-desc default-style text-left\"><p>Le polissage par laser repose sur le principe de la <strong>refusion d\u2019une fine couche de mati\u00e8re en surface du composant \u00e0 polir<\/strong>. Ainsi, la mati\u00e8re se fluidifie et se lisse du fait des propri\u00e9t\u00e9s physiques de la tension de surface. Le lissage ainsi obtenu est alors fig\u00e9 lors du refroidissement, quasi imm\u00e9diat, de la mati\u00e8re.<\/p>\n<\/div><\/div><\/div><div class=\"zozo-parallax-header cdev_left wpb_animate_when_almost_visible wpb_bottom-to-top\"><div class=\"parallax-header content-style-default\"><h3 class=\"parallax-title text-left\">Param\u00e9trage du <span class=\"title-suffix\">polissage<\/span><\/h3><div class=\"parallax-desc default-style text-left\"><p>En fonction de la mati\u00e8re \u00e0 traiter, l\u2019<strong>optimisation du processus de polissage<\/strong> passe par le choix, respectivement le monitoring de plusieurs param\u00e8tres : le diam\u00e8tre du faisceau laser, la vitesse d\u2019avance du faisceau, la temp\u00e9rature du bain, le taux de recouvrement du faisceau entre les passages successifs, la puissance instantan\u00e9e d\u00e9livr\u00e9e par le laser\u2026 En outre, le choix de la forme de l\u2019optique et des angles d\u2019incidence s\u2019inscrit \u00e9galement dans la <strong>s\u00e9lection correcte des param\u00e8tres de polissage par laser<\/strong>.<\/p>\n<\/div><\/div><\/div><div class=\"zozo-parallax-header cdev_left wpb_animate_when_almost_visible wpb_bottom-to-top\"><div class=\"parallax-header content-style-default\"><h3 class=\"parallax-title text-left\">Polissage <span class=\"title-suffix\">tridimensionnel<\/span><\/h3><div class=\"parallax-desc default-style text-left\"><p>Nos solutions et nos syst\u00e8mes offrent la possibilit\u00e9 de <strong>traiter des surfaces tridimensionnelles<\/strong> quelconques sur des sections dont la g\u00e9om\u00e9trie est librement programmable.<\/p>\n<\/div><\/div><\/div>[\/vc_column][vc_column width=\u00a0\u00bb1\/12&Prime;][\/vc_column][vc_column css_animation=\u00a0\u00bbnone\u00a0\u00bb width=\u00a0\u00bb5\/12&Prime;][vc_column_text css_animation=\u00a0\u00bbslideInRight\u00a0\u00bb]<\/p>\n<figure id=\"attachment_2815\" aria-describedby=\"caption-attachment-2815\" style=\"width: 400px\" class=\"wp-caption alignnone\"><img loading=\"lazy\" decoding=\"async\" class=\"size-full wp-image-2815 alignright\" src=\"https:\/\/sylas.com\/wp-content\/uploads\/2020\/02\/illustration-polissage-laser-3d-selectif-1.jpg\" alt=\"illustration polissage laser 3d s\u00e9lectif 1\" width=\"400\" height=\"312\" \/><figcaption id=\"caption-attachment-2815\" class=\"wp-caption-text\">Principe de base du polissage laser par refusion<\/figcaption><\/figure>\n<p>&nbsp;<\/p>\n<figure id=\"attachment_2807\" aria-describedby=\"caption-attachment-2807\" style=\"width: 400px\" class=\"wp-caption alignnone\"><img loading=\"lazy\" decoding=\"async\" class=\"size-full wp-image-2807\" src=\"https:\/\/sylas.com\/wp-content\/uploads\/2020\/02\/illustration-polissage-laser-3d-selectif-2.jpg\" alt=\"illustration polissage laser 3d s\u00e9lectif 2\" width=\"400\" height=\"282\" \/><figcaption id=\"caption-attachment-2807\" class=\"wp-caption-text\">Principe de base du polissage laser par refusion<\/figcaption><\/figure>\n<p>[\/vc_column_text]<div class=\" ubtn-ctn-center cdev_button\"><a class=\"ubtn-link ult-adjust-bottom-margin ubtn-center ubtn-normal cdev_button\" href=\"https:\/\/sylas.com\/fr\/prestations-et-produits\/machine-de-polissage-3d-sylas-poli1000-semi-ou-totalement-automatisee\/\" title=\"Machine de polissage 3D Sylas Poli1000 : semi ou totalement automatis\u00e9e\" ><button type=\"button\" id=\"ubtn-5644\"  class=\"ubtn ult-adjust-bottom-margin ult-responsive ubtn-normal ubtn-no-hover-bg  none  ubtn-center   tooltip-69dac4ecc5472\"  data-hover=\"#000000\" data-border-color=\"\" data-bg=\"#e0e0e0\" data-hover-bg=\"\" data-border-hover=\"\" data-shadow-hover=\"\" data-shadow-click=\"none\" data-shadow=\"\" data-shd-shadow=\"\"  data-ultimate-target='#ubtn-5644'  data-responsive-json-new='{\"font-size\":\"\",\"line-height\":\"\"}'  style=\"font-weight:normal;border:none;background: #e0e0e0;color: #ffffff;\"><span class=\"ubtn-hover\" style=\"background-color:\"><\/span><span class=\"ubtn-data ubtn-text \" >D\u00e9couvrir la machine de polissage laser<\/span><\/button><\/a><\/div>[\/vc_column][\/vc_row]<\/p>\n","protected":false},"excerpt":{"rendered":"<p>[vc_row gap=\u00a0\u00bb30&Prime;][vc_column width=\u00a0\u00bb6\/12&Prime;][\/vc_column][vc_column width=\u00a0\u00bb1\/12&Prime;][\/vc_column][vc_column css_animation=\u00a0\u00bbnone\u00a0\u00bb width=\u00a0\u00bb5\/12&Prime;][vc_column_text css_animation=\u00a0\u00bbslideInRight\u00a0\u00bb] &nbsp; [\/vc_column_text][\/vc_column][\/vc_row]<\/p>\n","protected":false},"author":1,"featured_media":0,"parent":2678,"menu_order":0,"comment_status":"closed","ping_status":"closed","template":"","meta":{"footnotes":""},"class_list":["post-2680","page","type-page","status-publish","hentry"],"yoast_head":"<!-- This site is optimized with the Yoast SEO plugin v25.1 - https:\/\/yoast.com\/wordpress\/plugins\/seo\/ -->\n<title>Polissage laser de mat\u00e9riaux m\u00e9talliques et moules d&#039;injection - SYLAS\u00ae<\/title>\n<meta name=\"description\" content=\"Polissage s\u00e9lectif par laser des mat\u00e9riaux m\u00e9talliques et des moules d&#039;injection. Polissage laser des pi\u00e8ces m\u00e9talliques et des moules en m\u00e9tal.\" \/>\n<meta name=\"robots\" content=\"index, follow, max-snippet:-1, max-image-preview:large, max-video-preview:-1\" \/>\n<link rel=\"canonical\" href=\"https:\/\/sylas.com\/fr\/savoir-faire\/polissage-laser-3d-selectif\/\" \/>\n<meta property=\"og:locale\" content=\"fr_FR\" \/>\n<meta property=\"og:type\" content=\"article\" \/>\n<meta property=\"og:title\" content=\"Polissage laser de mat\u00e9riaux m\u00e9talliques et moules d&#039;injection - SYLAS\u00ae\" \/>\n<meta property=\"og:description\" content=\"Polissage s\u00e9lectif par laser des mat\u00e9riaux m\u00e9talliques et des moules d&#039;injection. Polissage laser des pi\u00e8ces m\u00e9talliques et des moules en m\u00e9tal.\" \/>\n<meta property=\"og:url\" content=\"https:\/\/sylas.com\/fr\/savoir-faire\/polissage-laser-3d-selectif\/\" \/>\n<meta property=\"og:site_name\" content=\"SYLAS\u00ae\" \/>\n<meta property=\"article:modified_time\" content=\"2020-04-07T06:55:39+00:00\" \/>\n<meta property=\"og:image\" content=\"https:\/\/sylas.com\/wp-content\/uploads\/2020\/02\/illustration-polissage-laser-3d-selectif-1.jpg\" \/>\n<meta name=\"twitter:card\" content=\"summary_large_image\" \/>\n<meta name=\"twitter:label1\" content=\"Dur\u00e9e de lecture estim\u00e9e\" \/>\n\t<meta name=\"twitter:data1\" content=\"2 minutes\" \/>\n<script type=\"application\/ld+json\" class=\"yoast-schema-graph\">{\"@context\":\"https:\/\/schema.org\",\"@graph\":[{\"@type\":\"WebPage\",\"@id\":\"https:\/\/sylas.com\/fr\/savoir-faire\/polissage-laser-3d-selectif\/\",\"url\":\"https:\/\/sylas.com\/fr\/savoir-faire\/polissage-laser-3d-selectif\/\",\"name\":\"Polissage laser de mat\u00e9riaux m\u00e9talliques et moules d'injection - SYLAS\u00ae\",\"isPartOf\":{\"@id\":\"https:\/\/sylas.com\/fr\/#website\"},\"primaryImageOfPage\":{\"@id\":\"https:\/\/sylas.com\/fr\/savoir-faire\/polissage-laser-3d-selectif\/#primaryimage\"},\"image\":{\"@id\":\"https:\/\/sylas.com\/fr\/savoir-faire\/polissage-laser-3d-selectif\/#primaryimage\"},\"thumbnailUrl\":\"https:\/\/sylas.com\/wp-content\/uploads\/2020\/02\/illustration-polissage-laser-3d-selectif-1.jpg\",\"datePublished\":\"2020-01-27T16:47:31+00:00\",\"dateModified\":\"2020-04-07T06:55:39+00:00\",\"description\":\"Polissage s\u00e9lectif par laser des mat\u00e9riaux m\u00e9talliques et des moules d'injection. Polissage laser des pi\u00e8ces m\u00e9talliques et des moules en m\u00e9tal.\",\"breadcrumb\":{\"@id\":\"https:\/\/sylas.com\/fr\/savoir-faire\/polissage-laser-3d-selectif\/#breadcrumb\"},\"inLanguage\":\"fr-FR\",\"potentialAction\":[{\"@type\":\"ReadAction\",\"target\":[\"https:\/\/sylas.com\/fr\/savoir-faire\/polissage-laser-3d-selectif\/\"]}]},{\"@type\":\"ImageObject\",\"inLanguage\":\"fr-FR\",\"@id\":\"https:\/\/sylas.com\/fr\/savoir-faire\/polissage-laser-3d-selectif\/#primaryimage\",\"url\":\"https:\/\/sylas.com\/wp-content\/uploads\/2020\/02\/illustration-polissage-laser-3d-selectif-1.jpg\",\"contentUrl\":\"https:\/\/sylas.com\/wp-content\/uploads\/2020\/02\/illustration-polissage-laser-3d-selectif-1.jpg\"},{\"@type\":\"BreadcrumbList\",\"@id\":\"https:\/\/sylas.com\/fr\/savoir-faire\/polissage-laser-3d-selectif\/#breadcrumb\",\"itemListElement\":[{\"@type\":\"ListItem\",\"position\":1,\"name\":\"Savoir-Faire\",\"item\":\"https:\/\/sylas.com\/fr\/savoir-faire\/\"},{\"@type\":\"ListItem\",\"position\":2,\"name\":\"Polissage laser 3D s\u00e9lectif\"}]},{\"@type\":\"WebSite\",\"@id\":\"https:\/\/sylas.com\/fr\/#website\",\"url\":\"https:\/\/sylas.com\/fr\/\",\"name\":\"SYLAS\u00ae\",\"description\":\"\",\"publisher\":{\"@id\":\"https:\/\/sylas.com\/fr\/#organization\"},\"potentialAction\":[{\"@type\":\"SearchAction\",\"target\":{\"@type\":\"EntryPoint\",\"urlTemplate\":\"https:\/\/sylas.com\/fr\/?s={search_term_string}\"},\"query-input\":{\"@type\":\"PropertyValueSpecification\",\"valueRequired\":true,\"valueName\":\"search_term_string\"}}],\"inLanguage\":\"fr-FR\"},{\"@type\":\"Organization\",\"@id\":\"https:\/\/sylas.com\/fr\/#organization\",\"name\":\"SYLAS SA\",\"url\":\"https:\/\/sylas.com\/fr\/\",\"logo\":{\"@type\":\"ImageObject\",\"inLanguage\":\"fr-FR\",\"@id\":\"https:\/\/sylas.com\/fr\/#\/schema\/logo\/image\/\",\"url\":\"https:\/\/sylas.com\/wp-content\/uploads\/2020\/01\/Logo-Sylas-Laser-Systems@2x.png\",\"contentUrl\":\"https:\/\/sylas.com\/wp-content\/uploads\/2020\/01\/Logo-Sylas-Laser-Systems@2x.png\",\"width\":310,\"height\":160,\"caption\":\"SYLAS SA\"},\"image\":{\"@id\":\"https:\/\/sylas.com\/fr\/#\/schema\/logo\/image\/\"}}]}<\/script>\n<!-- \/ Yoast SEO plugin. -->","yoast_head_json":{"title":"Polissage laser de mat\u00e9riaux m\u00e9talliques et moules d'injection - SYLAS\u00ae","description":"Polissage s\u00e9lectif par laser des mat\u00e9riaux m\u00e9talliques et des moules d'injection. Polissage laser des pi\u00e8ces m\u00e9talliques et des moules en m\u00e9tal.","robots":{"index":"index","follow":"follow","max-snippet":"max-snippet:-1","max-image-preview":"max-image-preview:large","max-video-preview":"max-video-preview:-1"},"canonical":"https:\/\/sylas.com\/fr\/savoir-faire\/polissage-laser-3d-selectif\/","og_locale":"fr_FR","og_type":"article","og_title":"Polissage laser de mat\u00e9riaux m\u00e9talliques et moules d'injection - SYLAS\u00ae","og_description":"Polissage s\u00e9lectif par laser des mat\u00e9riaux m\u00e9talliques et des moules d'injection. Polissage laser des pi\u00e8ces m\u00e9talliques et des moules en m\u00e9tal.","og_url":"https:\/\/sylas.com\/fr\/savoir-faire\/polissage-laser-3d-selectif\/","og_site_name":"SYLAS\u00ae","article_modified_time":"2020-04-07T06:55:39+00:00","og_image":[{"url":"https:\/\/sylas.com\/wp-content\/uploads\/2020\/02\/illustration-polissage-laser-3d-selectif-1.jpg","type":"","width":"","height":""}],"twitter_card":"summary_large_image","twitter_misc":{"Dur\u00e9e de lecture estim\u00e9e":"2 minutes"},"schema":{"@context":"https:\/\/schema.org","@graph":[{"@type":"WebPage","@id":"https:\/\/sylas.com\/fr\/savoir-faire\/polissage-laser-3d-selectif\/","url":"https:\/\/sylas.com\/fr\/savoir-faire\/polissage-laser-3d-selectif\/","name":"Polissage laser de mat\u00e9riaux m\u00e9talliques et moules d'injection - SYLAS\u00ae","isPartOf":{"@id":"https:\/\/sylas.com\/fr\/#website"},"primaryImageOfPage":{"@id":"https:\/\/sylas.com\/fr\/savoir-faire\/polissage-laser-3d-selectif\/#primaryimage"},"image":{"@id":"https:\/\/sylas.com\/fr\/savoir-faire\/polissage-laser-3d-selectif\/#primaryimage"},"thumbnailUrl":"https:\/\/sylas.com\/wp-content\/uploads\/2020\/02\/illustration-polissage-laser-3d-selectif-1.jpg","datePublished":"2020-01-27T16:47:31+00:00","dateModified":"2020-04-07T06:55:39+00:00","description":"Polissage s\u00e9lectif par laser des mat\u00e9riaux m\u00e9talliques et des moules d'injection. Polissage laser des pi\u00e8ces m\u00e9talliques et des moules en m\u00e9tal.","breadcrumb":{"@id":"https:\/\/sylas.com\/fr\/savoir-faire\/polissage-laser-3d-selectif\/#breadcrumb"},"inLanguage":"fr-FR","potentialAction":[{"@type":"ReadAction","target":["https:\/\/sylas.com\/fr\/savoir-faire\/polissage-laser-3d-selectif\/"]}]},{"@type":"ImageObject","inLanguage":"fr-FR","@id":"https:\/\/sylas.com\/fr\/savoir-faire\/polissage-laser-3d-selectif\/#primaryimage","url":"https:\/\/sylas.com\/wp-content\/uploads\/2020\/02\/illustration-polissage-laser-3d-selectif-1.jpg","contentUrl":"https:\/\/sylas.com\/wp-content\/uploads\/2020\/02\/illustration-polissage-laser-3d-selectif-1.jpg"},{"@type":"BreadcrumbList","@id":"https:\/\/sylas.com\/fr\/savoir-faire\/polissage-laser-3d-selectif\/#breadcrumb","itemListElement":[{"@type":"ListItem","position":1,"name":"Savoir-Faire","item":"https:\/\/sylas.com\/fr\/savoir-faire\/"},{"@type":"ListItem","position":2,"name":"Polissage laser 3D s\u00e9lectif"}]},{"@type":"WebSite","@id":"https:\/\/sylas.com\/fr\/#website","url":"https:\/\/sylas.com\/fr\/","name":"SYLAS\u00ae","description":"","publisher":{"@id":"https:\/\/sylas.com\/fr\/#organization"},"potentialAction":[{"@type":"SearchAction","target":{"@type":"EntryPoint","urlTemplate":"https:\/\/sylas.com\/fr\/?s={search_term_string}"},"query-input":{"@type":"PropertyValueSpecification","valueRequired":true,"valueName":"search_term_string"}}],"inLanguage":"fr-FR"},{"@type":"Organization","@id":"https:\/\/sylas.com\/fr\/#organization","name":"SYLAS SA","url":"https:\/\/sylas.com\/fr\/","logo":{"@type":"ImageObject","inLanguage":"fr-FR","@id":"https:\/\/sylas.com\/fr\/#\/schema\/logo\/image\/","url":"https:\/\/sylas.com\/wp-content\/uploads\/2020\/01\/Logo-Sylas-Laser-Systems@2x.png","contentUrl":"https:\/\/sylas.com\/wp-content\/uploads\/2020\/01\/Logo-Sylas-Laser-Systems@2x.png","width":310,"height":160,"caption":"SYLAS SA"},"image":{"@id":"https:\/\/sylas.com\/fr\/#\/schema\/logo\/image\/"}}]}},"_links":{"self":[{"href":"https:\/\/sylas.com\/fr\/wp-json\/wp\/v2\/pages\/2680","targetHints":{"allow":["GET"]}}],"collection":[{"href":"https:\/\/sylas.com\/fr\/wp-json\/wp\/v2\/pages"}],"about":[{"href":"https:\/\/sylas.com\/fr\/wp-json\/wp\/v2\/types\/page"}],"author":[{"embeddable":true,"href":"https:\/\/sylas.com\/fr\/wp-json\/wp\/v2\/users\/1"}],"replies":[{"embeddable":true,"href":"https:\/\/sylas.com\/fr\/wp-json\/wp\/v2\/comments?post=2680"}],"version-history":[{"count":25,"href":"https:\/\/sylas.com\/fr\/wp-json\/wp\/v2\/pages\/2680\/revisions"}],"predecessor-version":[{"id":3335,"href":"https:\/\/sylas.com\/fr\/wp-json\/wp\/v2\/pages\/2680\/revisions\/3335"}],"up":[{"embeddable":true,"href":"https:\/\/sylas.com\/fr\/wp-json\/wp\/v2\/pages\/2678"}],"wp:attachment":[{"href":"https:\/\/sylas.com\/fr\/wp-json\/wp\/v2\/media?parent=2680"}],"curies":[{"name":"wp","href":"https:\/\/api.w.org\/{rel}","templated":true}]}}